{"id":14,"date":"2026-02-11T12:12:24","date_gmt":"2026-02-11T12:12:24","guid":{"rendered":"https:\/\/portugal.wordcamp.org\/2026\/?page_id=14"},"modified":"2026-04-03T10:34:58","modified_gmt":"2026-04-03T09:34:58","slug":"tickets","status":"publish","type":"page","link":"https:\/\/portugal.wordcamp.org\/2026\/tickets\/","title":{"rendered":"Bilhetes <em>Tickets<\/em>"},"content":{"rendered":"\n<div class=\"wp-block-columns is-layout-flex wp-container-core-columns-is-layout-28f84493 wp-block-columns-is-layout-flex\">\n<div class=\"wp-block-column is-layout-flow wp-block-column-is-layout-flow\">\n<figure class=\"wp-block-image size-full is-resized\"><img decoding=\"async\" src=\"https:\/\/lisboa.wordcamp.org\/2025\/files\/2024\/09\/badge-lang-pt.png\" alt=\"Portugu\u00eas\" class=\"wp-image-118\" style=\"object-fit:cover;width:125px;height:20px\" \/><\/figure>\n\n\n\n<p>O WordCamp Portugal 2026 acontece a 15 e 16 de Maio e o bilhete inclui:<\/p>\n\n\n\n<h3 class=\"wp-block-heading\"><strong>Bilhete Normal &#8211; 35\u20ac<\/strong><\/h3>\n\n\n\n<ul class=\"wp-block-list\">\n<li>Acesso ao dia da comunidade no dia 15 de Maio (inscri\u00e7\u00e3o separada obrigat\u00f3ria; detalhes a anunciar);<\/li>\n\n\n\n<li>Acesso ao dia de confer\u00eancias, com dois audit\u00f3rios com palestras a funcionarem em simult\u00e2neo, a 16 de Maio;<\/li>\n\n\n\n<li>Workshops (com lota\u00e7\u00e3o limitada e com sistema de marca\u00e7\u00e3o a anunciar), a 16 de Maio;<\/li>\n\n\n\n<li>Almo\u00e7o e coffee breaks;<\/li>\n\n\n\n<li>T-shirt do evento e outro swag (sujeito ao stock existente);<\/li>\n<\/ul>\n\n\n\n<h3 class=\"wp-block-heading\"><strong>Bilhete sem T-shirt &#8211; 30\u20ac<\/strong><\/h3>\n\n\n\n<ul class=\"wp-block-list\">\n<li>Equivalente ao bilhete normal. Inclui tudo o indicado acima excepto a t-shirt do evento.<\/li>\n<\/ul>\n\n\n\n<h3 class=\"wp-block-heading\"><strong>Bilhete Microsponsor &#8211; 150\u20ac<\/strong><\/h3>\n\n\n\n<ul class=\"wp-block-list\">\n<li>Equivalente ao bilhete normal. Inclui tudo o indicado acima na descri\u00e7\u00e3o do mesmo.<\/li>\n\n\n\n<li>Tem um valor mais aproximado do custo real por participante do evento;<\/li>\n\n\n\n<li>Direito a link para o teu site e refer\u00eancia no nosso site oficial na sec\u00e7\u00e3o de&nbsp;<a href=\"https:\/\/portugal.wordcamp.org\/2026\/patrocinadores\/\">Microsponsors<\/a>.<\/li>\n<\/ul>\n<\/div>\n\n\n\n<div dir=\"ltr\" lang=\"en\" class=\"wp-block-column is-layout-flow wp-block-column-is-layout-flow\">\n<figure class=\"wp-block-image size-full is-resized\"><img decoding=\"async\" src=\"https:\/\/lisboa.wordcamp.org\/2025\/files\/2024\/09\/badge-lang-en-1.png\" alt=\"English\" class=\"wp-image-121\" style=\"object-fit:cover;width:97px;height:20px\" \/><\/figure>\n\n\n\n<p>WordCamp Portugal 2026 takes place on May 15 and 16, and the ticket includes:<\/p>\n\n\n\n<h3 class=\"wp-block-heading\"><strong>Standard Ticket &#8211; 35\u20ac<\/strong><\/h3>\n\n\n\n<ul class=\"wp-block-list\">\n<li>Access to the community day on May 15 (separate registration is required and will be announced);<\/li>\n\n\n\n<li>Access to the conference day on May 16, with two tracks of talks running simultaneously;<\/li>\n\n\n\n<li>Workshops (limited capacity and with a booking system to be announced) on May 16;<\/li>\n\n\n\n<li>Lunch and coffee breaks;<\/li>\n\n\n\n<li>Event t-shirt and other swag (subject to availability);<\/li>\n<\/ul>\n\n\n\n<h3 class=\"wp-block-heading\"><strong>Ticket without T-shirt &#8211; 30\u20ac<\/strong><\/h3>\n\n\n\n<ul class=\"wp-block-list\">\n<li>Equivalent to the standard ticket. Includes everything mentioned above except the event t-shirt.<\/li>\n<\/ul>\n\n\n\n<h3 class=\"wp-block-heading\"><strong>Micro-Sponsor Ticket &#8211; 150\u20ac<\/strong><\/h3>\n\n\n\n<ul class=\"wp-block-list\">\n<li>Equivalent to the standard ticket. Includes everything mentioned in the description above. <\/li>\n\n\n\n<li>Reflects a value closer to the actual cost per participant for the event;<\/li>\n\n\n\n<li>Includes a link to your site and a mention on our official website in the <a href=\"https:\/\/portugal.wordcamp.org\/2026\/sponsors\/\">Micro-Sponsors<\/a> section.<\/li>\n<\/ul>\n<\/div>\n<\/div>\n\n\n<a href=\"https:\/\/portugal.wordcamp.org\/2026\/tickets\/\">Please view this page in a browser to purchase or manage tickets.<\/a>\n","protected":false},"excerpt":{"rendered":"<p>O WordCamp Portugal 2026 acontece a 15 e 16 de Maio e o bilhete inclui: Bilhete Normal &#8211; 35\u20ac Bilhete sem T-shirt &#8211; 30\u20ac Bilhete Microsponsor &#8211; 150\u20ac WordCamp Portugal 2026 takes place on May 15 and 16, and the ticket includes: Standard Ticket &#8211; 35\u20ac Ticket without T-shirt &#8211; 30\u20ac Micro-Sponsor Ticket &#8211; 150\u20ac<\/p>\n","protected":false},"author":14841532,"featured_media":0,"parent":0,"menu_order":0,"comment_status":"closed","ping_status":"closed","template":"","meta":{"jetpack_post_was_ever_published":false,"_nakedcatplugins_page_lang":"","_nakedcatplugins_page_dir":"ltr","footnotes":""},"class_list":["post-14","page","type-page","status-publish","hentry"],"jetpack_sharing_enabled":true,"_links":{"self":[{"href":"https:\/\/portugal.wordcamp.org\/2026\/wp-json\/wp\/v2\/pages\/14","targetHints":{"allow":["GET"]}}],"collection":[{"href":"https:\/\/portugal.wordcamp.org\/2026\/wp-json\/wp\/v2\/pages"}],"about":[{"href":"https:\/\/portugal.wordcamp.org\/2026\/wp-json\/wp\/v2\/types\/page"}],"author":[{"embeddable":true,"href":"https:\/\/portugal.wordcamp.org\/2026\/wp-json\/wp\/v2\/users\/14841532"}],"replies":[{"embeddable":true,"href":"https:\/\/portugal.wordcamp.org\/2026\/wp-json\/wp\/v2\/comments?post=14"}],"version-history":[{"count":11,"href":"https:\/\/portugal.wordcamp.org\/2026\/wp-json\/wp\/v2\/pages\/14\/revisions"}],"predecessor-version":[{"id":1109,"href":"https:\/\/portugal.wordcamp.org\/2026\/wp-json\/wp\/v2\/pages\/14\/revisions\/1109"}],"wp:attachment":[{"href":"https:\/\/portugal.wordcamp.org\/2026\/wp-json\/wp\/v2\/media?parent=14"}],"curies":[{"name":"wp","href":"https:\/\/api.w.org\/{rel}","templated":true}]}}