{"id":1502,"date":"2026-03-27T12:42:10","date_gmt":"2026-03-27T12:42:10","guid":{"rendered":"https:\/\/portugal.wordcamp.org\/2026\/?page_id=1502"},"modified":"2026-04-07T10:05:03","modified_gmt":"2026-04-07T09:05:03","slug":"dia-da-comunidade","status":"publish","type":"page","link":"https:\/\/portugal.wordcamp.org\/2026\/dia-da-comunidade\/","title":{"rendered":"Dia da Comunidade"},"content":{"rendered":"\n<p>Ser\u00e1 que o WordPress vai continuar a ser relevante? E que papel ter\u00e3o a comunidade e as novas ferramentas, como a intelig\u00eancia artificial, na forma como desenvolvemos para a web?<\/p>\n\n\n\n<p><strong>No dia 15 de maio, convidamos-te a participar no Dia da Comunidade do WordCamp Portugal, na Funda\u00e7\u00e3o Ant\u00f3nio Cupertino de Miranda, no Porto.<\/strong><\/p>\n\n\n\n<p class=\"has-small-font-size\"><em>A participa\u00e7\u00e3o est\u00e1 inclu\u00edda no bilhete do WordCamp, mas \u00e9 necess\u00e1rio fazer pr\u00e9-registo obrigat\u00f3rio (em breve), por motivos de organiza\u00e7\u00e3o e log\u00edstica.<\/em><\/p>\n\n\n\n<p>Temas do dia da Comunidade<\/p>\n\n\n\n<div class=\"wp-block-columns is-layout-flex wp-container-core-columns-is-layout-28f84493 wp-block-columns-is-layout-flex\">\n<div class=\"wp-block-column has-global-padding is-layout-constrained wp-block-column-is-layout-constrained\">\n<p class=\"is-style-text-annotation is-style-text-annotation--1\">Seguran\u00e7a &amp; Confian\u00e7a<\/p>\n<\/div>\n\n\n\n<div class=\"wp-block-column has-global-padding is-layout-constrained wp-block-column-is-layout-constrained\">\n<p class=\"is-style-text-annotation is-style-text-annotation--2\">IA &amp; WordPress<\/p>\n<\/div>\n\n\n\n<div class=\"wp-block-column has-global-padding is-layout-constrained wp-block-column-is-layout-constrained\">\n<p class=\"has-text-align-center is-style-text-annotation is-style-text-annotation--3\">SEO\/GEO &amp; Performance<\/p>\n<\/div>\n<\/div>\n\n\n\n<div class=\"wp-block-columns is-layout-flex wp-container-core-columns-is-layout-28f84493 wp-block-columns-is-layout-flex\">\n<div class=\"wp-block-column has-global-padding is-layout-constrained wp-block-column-is-layout-constrained\">\n<p class=\"has-text-align-center is-style-text-annotation is-style-text-annotation--4\">Design &amp; Acessibilidade<\/p>\n<\/div>\n\n\n\n<div class=\"wp-block-column has-global-padding is-layout-constrained wp-block-column-is-layout-constrained\">\n<p class=\"has-text-align-center is-style-text-annotation is-style-text-annotation--5\">Freelancers &amp; Ag\u00eancias<\/p>\n<\/div>\n\n\n\n<div class=\"wp-block-column has-global-padding is-layout-constrained wp-block-column-is-layout-constrained\">\n<p class=\"has-text-align-center is-style-text-annotation is-style-text-annotation--6\">Tradu\u00e7\u00f5es &amp; Comunidade<\/p>\n<\/div>\n<\/div>\n\n\n\n<p>Este ser\u00e1 um dia dedicado \u00e0 partilha, aprendizagem e colabora\u00e7\u00e3o, com foco no WordPress, mas tamb\u00e9m no desenvolvimento web em geral, nos desafios atuais da ind\u00fastria e na forma como trabalhamos enquanto comunidade.<\/p>\n\n\n\n<figure class=\"wp-block-gallery has-nested-images columns-default is-cropped wp-block-gallery-7 is-layout-flex wp-block-gallery-is-layout-flex\" style=\"border-top-left-radius:0px;border-top-right-radius:0px;border-bottom-left-radius:0px;border-bottom-right-radius:0px\">\n<figure class=\"wp-block-image size-medium has-custom-border\"><img loading=\"lazy\" decoding=\"async\" width=\"300\" height=\"200\" data-id=\"1504\" src=\"https:\/\/portugal.wordcamp.org\/2026\/files\/2026\/03\/54535633238_8bc2373a0c_c-300x200.webp\" alt=\"\" class=\"wp-image-1504\" style=\"border-top-left-radius:15px;border-top-right-radius:15px;border-bottom-left-radius:15px;border-bottom-right-radius:15px\" srcset=\"https:\/\/portugal.wordcamp.org\/2026\/files\/2026\/03\/54535633238_8bc2373a0c_c-300x200.webp 300w, https:\/\/portugal.wordcamp.org\/2026\/files\/2026\/03\/54535633238_8bc2373a0c_c-768x513.webp 768w, https:\/\/portugal.wordcamp.org\/2026\/files\/2026\/03\/54535633238_8bc2373a0c_c-449x300.webp 449w, https:\/\/portugal.wordcamp.org\/2026\/files\/2026\/03\/54535633238_8bc2373a0c_c.webp 800w\" sizes=\"auto, (max-width: 300px) 100vw, 300px\" \/><\/figure>\n\n\n\n<figure class=\"wp-block-image size-medium has-custom-border\"><img loading=\"lazy\" decoding=\"async\" width=\"300\" height=\"200\" data-id=\"1510\" src=\"https:\/\/portugal.wordcamp.org\/2026\/files\/2026\/03\/comunidade-300x200.jpg\" alt=\"\" class=\"wp-image-1510\" style=\"border-top-left-radius:15px;border-top-right-radius:15px;border-bottom-left-radius:15px;border-bottom-right-radius:15px\" srcset=\"https:\/\/portugal.wordcamp.org\/2026\/files\/2026\/03\/comunidade-300x200.jpg 300w, https:\/\/portugal.wordcamp.org\/2026\/files\/2026\/03\/comunidade-1024x683.jpg 1024w, https:\/\/portugal.wordcamp.org\/2026\/files\/2026\/03\/comunidade-768x512.jpg 768w, https:\/\/portugal.wordcamp.org\/2026\/files\/2026\/03\/comunidade-450x300.jpg 450w, https:\/\/portugal.wordcamp.org\/2026\/files\/2026\/03\/comunidade-1536x1024.jpg 1536w, https:\/\/portugal.wordcamp.org\/2026\/files\/2026\/03\/comunidade.jpg 2048w\" sizes=\"auto, (max-width: 300px) 100vw, 300px\" \/><\/figure>\n\n\n\n<figure class=\"wp-block-image size-medium has-custom-border\"><img loading=\"lazy\" decoding=\"async\" width=\"300\" height=\"200\" data-id=\"1505\" src=\"https:\/\/portugal.wordcamp.org\/2026\/files\/2026\/03\/54523735295_6d110064b6_c-300x200.webp\" alt=\"\" class=\"wp-image-1505\" style=\"border-top-left-radius:15px;border-top-right-radius:15px;border-bottom-left-radius:15px;border-bottom-right-radius:15px\" srcset=\"https:\/\/portugal.wordcamp.org\/2026\/files\/2026\/03\/54523735295_6d110064b6_c-300x200.webp 300w, https:\/\/portugal.wordcamp.org\/2026\/files\/2026\/03\/54523735295_6d110064b6_c-768x512.webp 768w, https:\/\/portugal.wordcamp.org\/2026\/files\/2026\/03\/54523735295_6d110064b6_c-450x300.webp 450w, https:\/\/portugal.wordcamp.org\/2026\/files\/2026\/03\/54523735295_6d110064b6_c.webp 799w\" sizes=\"auto, (max-width: 300px) 100vw, 300px\" \/><\/figure>\n<\/figure>\n\n\n\n<h2 class=\"wp-block-heading\">Um ambiente acolhedor, um dia de partilha<\/h2>\n\n\n\n<p>Hist\u00f3ricamente chamado &#8216;Dia de Contribui\u00e7\u00e3o&#8217;, queremos que este novo <strong>Dia da Comunidade<\/strong> seja um espa\u00e7o acess\u00edvel e acolhedor para todos, independentemente do n\u00edvel de experi\u00eancia. Ao longo do dia vais encontrar diferentes formatos pensados para envolver todos os participantes. <strong>N\u00e3o \u00e9 necess\u00e1rio ter experi\u00eancia pr\u00e9via em contribui\u00e7\u00e3o, basta vontade de participar.<\/strong> Se \u00e9 a tua primeira vez num WordCamp, vais encontrar volunt\u00e1rios dispon\u00edveis para te receber, orientar e ajudar a integrar nas diferentes atividades ao longo do dia.<\/p>\n\n\n\n<div class=\"wp-block-media-text is-stacked-on-mobile\" style=\"grid-template-columns:35% auto\"><figure class=\"wp-block-media-text__media\"><img loading=\"lazy\" decoding=\"async\" width=\"1024\" height=\"683\" src=\"https:\/\/portugal.wordcamp.org\/2026\/files\/2026\/03\/espacospartilha-1024x683.jpg\" alt=\"\" class=\"wp-image-1509 size-full\" srcset=\"https:\/\/portugal.wordcamp.org\/2026\/files\/2026\/03\/espacospartilha-1024x683.jpg 1024w, https:\/\/portugal.wordcamp.org\/2026\/files\/2026\/03\/espacospartilha-300x200.jpg 300w, https:\/\/portugal.wordcamp.org\/2026\/files\/2026\/03\/espacospartilha-768x512.jpg 768w, https:\/\/portugal.wordcamp.org\/2026\/files\/2026\/03\/espacospartilha-450x300.jpg 450w, https:\/\/portugal.wordcamp.org\/2026\/files\/2026\/03\/espacospartilha-1536x1024.jpg 1536w, https:\/\/portugal.wordcamp.org\/2026\/files\/2026\/03\/espacospartilha.jpg 2048w\" sizes=\"auto, (max-width: 1024px) 100vw, 1024px\" \/><\/figure><div class=\"wp-block-media-text__content\">\n<h3 class=\"wp-block-heading\"><strong>Espa\u00e7os de Colabora\u00e7\u00e3o (10h &#8211; 13h)<\/strong><\/h3>\n\n\n\n<p>Mesas de partilha e de contribui\u00e7\u00e3o onde poder\u00e1s discutir temas atuais, trocar experi\u00eancias e colaborar com outras pessoas da comunidade. <strong>Desde seguran\u00e7a, performance e acessibilidade at\u00e9 IA, freelancing e sustentabilidade nas carreiras.<\/strong><\/p>\n<\/div><\/div>\n\n\n\n<div class=\"wp-block-media-text has-media-on-the-right is-stacked-on-mobile\" style=\"grid-template-columns:auto 35%\"><div class=\"wp-block-media-text__content\">\n<h3 class=\"wp-block-heading\"><strong>F\u00f3rum da Comunidade (14h &#8211; 15h)<\/strong><\/h3>\n\n\n\n<p>Um momento aberto para refletir sobre o estado da comunidade WordPress em Portugal, identificar desafios e oportunidades, e partilhar ideias sobre o futuro.<\/p>\n<\/div><figure class=\"wp-block-media-text__media\"><img loading=\"lazy\" decoding=\"async\" width=\"1024\" height=\"683\" src=\"https:\/\/portugal.wordcamp.org\/2026\/files\/2026\/03\/54949525368_2e0dbc69ee_k-1024x683.jpg\" alt=\"\" class=\"wp-image-1511 size-full\" srcset=\"https:\/\/portugal.wordcamp.org\/2026\/files\/2026\/03\/54949525368_2e0dbc69ee_k-1024x683.jpg 1024w, https:\/\/portugal.wordcamp.org\/2026\/files\/2026\/03\/54949525368_2e0dbc69ee_k-300x200.jpg 300w, https:\/\/portugal.wordcamp.org\/2026\/files\/2026\/03\/54949525368_2e0dbc69ee_k-768x512.jpg 768w, https:\/\/portugal.wordcamp.org\/2026\/files\/2026\/03\/54949525368_2e0dbc69ee_k-450x300.jpg 450w, https:\/\/portugal.wordcamp.org\/2026\/files\/2026\/03\/54949525368_2e0dbc69ee_k-1536x1024.jpg 1536w, https:\/\/portugal.wordcamp.org\/2026\/files\/2026\/03\/54949525368_2e0dbc69ee_k.jpg 2048w\" sizes=\"auto, (max-width: 1024px) 100vw, 1024px\" \/><\/figure><\/div>\n\n\n\n<div class=\"wp-block-media-text is-stacked-on-mobile\" style=\"grid-template-columns:35% auto\"><figure class=\"wp-block-media-text__media\"><img loading=\"lazy\" decoding=\"async\" width=\"1024\" height=\"683\" src=\"https:\/\/portugal.wordcamp.org\/2026\/files\/2026\/03\/sessoes-1024x683.jpg\" alt=\"\" class=\"wp-image-1508 size-full\" srcset=\"https:\/\/portugal.wordcamp.org\/2026\/files\/2026\/03\/sessoes-1024x683.jpg 1024w, https:\/\/portugal.wordcamp.org\/2026\/files\/2026\/03\/sessoes-300x200.jpg 300w, https:\/\/portugal.wordcamp.org\/2026\/files\/2026\/03\/sessoes-768x512.jpg 768w, https:\/\/portugal.wordcamp.org\/2026\/files\/2026\/03\/sessoes-450x300.jpg 450w, https:\/\/portugal.wordcamp.org\/2026\/files\/2026\/03\/sessoes-1536x1024.jpg 1536w, https:\/\/portugal.wordcamp.org\/2026\/files\/2026\/03\/sessoes.jpg 2048w\" sizes=\"auto, (max-width: 1024px) 100vw, 1024px\" \/><\/figure><div class=\"wp-block-media-text__content\">\n<h3 class=\"wp-block-heading\"><strong>Sess\u00f5es de Partilha (15 &#8211; 17h)<\/strong><\/h3>\n\n\n\n<p>Sess\u00f5es conduzidas por membros da comunidade, com foco em intelig\u00eancia artificial e comunidade, onde ser\u00e3o apresentados exemplos reais de utiliza\u00e7\u00e3o no dia a dia, diferentes abordagens e aprendizagens pr\u00e1ticas.<\/p>\n<\/div><\/div>\n\n\n\n<h2 class=\"wp-block-heading\">Programa <\/h2>\n\n\n\n<div class=\"wp-block-columns is-layout-flex wp-container-core-columns-is-layout-28f84493 wp-block-columns-is-layout-flex\">\n<div class=\"wp-block-column is-layout-flow wp-block-column-is-layout-flow\">\n<div\n\tclass=\"wp-block-wordcamp-schedule alignwide is-loading\"\n\t\tdata-attributes=\"{&quot;__isStylesPreview&quot;:false,&quot;align&quot;:&quot;wide&quot;,&quot;chooseSpecificDays&quot;:true,&quot;chosenDays&quot;:[&quot;2026-05-15&quot;],&quot;chooseSpecificTracks&quot;:false,&quot;chosenTrackIds&quot;:[],&quot;showCategories&quot;:true,&quot;useClientTimezone&quot;:false}\"\n>\n\tA carregar&#8230;<\/div>\n\n\n\t<div class=\"email-form fav-session-email-form-hide\">\n\t\t<!-- Tab links -->\n\t\t<div class=\"fav-session-share-tab\">\n\t\t\t\t\t\t\t<div class=\"fav-session-tablinks\" id=\"fav-session-btn-email\">\n\t\t\t\t\tEmail\t\t\t\t<\/div>\n\t\t\t\n\t\t\t<div class=\"fav-session-tablinks\" id=\"fav-session-btn-link\">\n\t\t\t\tLiga\u00e7\u00e3o\t\t\t<\/div>\n\n\t\t\t<div class=\"fav-session-tablinks\" id=\"fav-session-btn-print\">\n\t\t\t\tImprimir\t\t\t<\/div>\n\t\t<\/div>\n\n\t\t<!-- Tab content -->\n\t\t\t\t\t<div id=\"fav-session-tab-email\" class=\"fav-session-share-tabcontent\">\n\t\t\t\t<div id=\"fav-session-email-form\">\n\t\t\t\t\tEnvie-me as minhas sess\u00f5es favoritas:\n\t\t\t\t\t<form id=\"fav-sessions-form\">\n\t\t\t\t\t\t<input\n\t\t\t\t\t\t\ttype=\"text\"\n\t\t\t\t\t\t\tname=\"email_address\"\n\t\t\t\t\t\t\tid=\"fav-sessions-email-address\"\n\t\t\t\t\t\t\tplaceholder=\"me@protonmail.com\"\n\t\t\t\t\t\t\/>\n\t\t\t\t\t\t<input type=\"submit\" value=\"Enviar\" \/>\n\t\t\t\t\t<\/form>\n\t\t\t\t<\/div>\n\n\t\t\t\t<div class=\"fav-session-email-wait-spinner\"><\/div>\n\t\t\t\t<div class=\"fav-session-email-result\"><\/div>\n\t\t\t<\/div>\n\t\t\n\t\t<div id=\"fav-session-tab-link\" class=\"fav-session-share-tabcontent\">\n\t\t\tShareable link:\t\t\t<br \/>\n\t\t\t<a id=\"fav-sessions-link\" href=\"\"><\/a>\n\t\t<\/div>\n\n\t\t<div id=\"fav-session-tab-print\" class=\"fav-session-share-tabcontent\">\n\t\t\t<button id=\"fav-session-print\">\n\t\t\t\tPrint favorite sessions\t\t\t<\/button>\n\t\t<\/div>\n\t<\/div>\n\n\t<a class=\"show-email-form\" href=\"javascript:\">\n\t\t<span class=\"dashicons dashicons-star-filled\"><\/span>\n\t\t<span class=\"dashicons dashicons-email-alt\"><\/span>\n\t<\/a>\n\n\t<\/div>\n<\/div>\n\n\n\n<h2 class=\"wp-block-heading\">Informa\u00e7\u00f5es<\/h2>\n\n\n\n<p><strong>Data, 15 de maio<br><\/strong>Local, Funda\u00e7\u00e3o Ant\u00f3nio Cupertino de Miranda, Porto<br>Hor\u00e1rio, 09:30 \u00e0s 17:30<\/p>\n","protected":false},"excerpt":{"rendered":"<p>Ser\u00e1 que o WordPress vai continuar a ser relevante? E que papel ter\u00e3o a comunidade e as novas ferramentas, como a intelig\u00eancia artificial, na forma como desenvolvemos para a web? No dia 15 de maio, convidamos-te a participar no Dia da Comunidade do WordCamp Portugal, na Funda\u00e7\u00e3o Ant\u00f3nio Cupertino de Miranda, no Porto. A participa\u00e7\u00e3o [&hellip;]<\/p>\n","protected":false},"author":8433142,"featured_media":0,"parent":0,"menu_order":0,"comment_status":"closed","ping_status":"closed","template":"","meta":{"jetpack_post_was_ever_published":false,"_nakedcatplugins_page_lang":"","_nakedcatplugins_page_dir":"ltr","footnotes":""},"class_list":["post-1502","page","type-page","status-publish","hentry"],"jetpack_sharing_enabled":true,"_links":{"self":[{"href":"https:\/\/portugal.wordcamp.org\/2026\/wp-json\/wp\/v2\/pages\/1502","targetHints":{"allow":["GET"]}}],"collection":[{"href":"https:\/\/portugal.wordcamp.org\/2026\/wp-json\/wp\/v2\/pages"}],"about":[{"href":"https:\/\/portugal.wordcamp.org\/2026\/wp-json\/wp\/v2\/types\/page"}],"author":[{"embeddable":true,"href":"https:\/\/portugal.wordcamp.org\/2026\/wp-json\/wp\/v2\/users\/8433142"}],"replies":[{"embeddable":true,"href":"https:\/\/portugal.wordcamp.org\/2026\/wp-json\/wp\/v2\/comments?post=1502"}],"version-history":[{"count":10,"href":"https:\/\/portugal.wordcamp.org\/2026\/wp-json\/wp\/v2\/pages\/1502\/revisions"}],"predecessor-version":[{"id":1877,"href":"https:\/\/portugal.wordcamp.org\/2026\/wp-json\/wp\/v2\/pages\/1502\/revisions\/1877"}],"wp:attachment":[{"href":"https:\/\/portugal.wordcamp.org\/2026\/wp-json\/wp\/v2\/media?parent=1502"}],"curies":[{"name":"wp","href":"https:\/\/api.w.org\/{rel}","templated":true}]}}