{"id":1992,"date":"2026-04-13T15:56:36","date_gmt":"2026-04-13T14:56:36","guid":{"rendered":"https:\/\/portugal.wordcamp.org\/2026\/?page_id=1992"},"modified":"2026-04-13T16:09:09","modified_gmt":"2026-04-13T15:09:09","slug":"community-day","status":"publish","type":"page","link":"https:\/\/portugal.wordcamp.org\/2026\/community-day\/","title":{"rendered":"Community Day"},"content":{"rendered":"\n<p><em>(Para a vers\u00e3o em portugu\u00eas, visite <a href=\"https:\/\/portugal.wordcamp.org\/2026\/dia-da-comunidade\/\" data-type=\"link\" data-id=\"https:\/\/portugal.wordcamp.org\/2026\/dia-da-comunidade\/\">Dia da Comunidade<\/a>)<\/em><\/p>\n\n\n\n<div class=\"wp-block-columns is-layout-flex wp-container-core-columns-is-layout-28f84493 wp-block-columns-is-layout-flex\">\n<div dir=\"ltr\" lang=\"en-EN\" class=\"wp-block-column is-layout-flow wp-block-column-is-layout-flow\">\n<p>Will WordPress continue to be relevant? And what role will the community and new tools, such as artificial intelligence, play in how we develop for the web?<\/p>\n\n\n\n<p>On May 15, we invite you to take part in WordCamp Portugal Community Day at the Ant\u00f3nio Cupertino de Miranda Foundation in Porto.<\/p>\n\n\n\n<p class=\"has-small-font-size\"><em>Participation is included in the WordCamp ticket, but mandatory pre-registration (opens April 27th) is required for organizational and logistical reasons.<\/em><\/p>\n\n\n\n<p><strong>Community Day Topics<\/strong><\/p>\n\n\n\n<div class=\"wp-block-columns is-layout-flex wp-container-core-columns-is-layout-28f84493 wp-block-columns-is-layout-flex\">\n<div class=\"wp-block-column has-global-padding is-layout-constrained wp-block-column-is-layout-constrained\">\n<p class=\"is-style-text-annotation is-style-text-annotation--1\">Security &amp; Trust<\/p>\n<\/div>\n\n\n\n<div class=\"wp-block-column has-global-padding is-layout-constrained wp-block-column-is-layout-constrained\">\n<p class=\"is-style-text-annotation is-style-text-annotation--2\">AI &amp; WordPress<\/p>\n<\/div>\n\n\n\n<div class=\"wp-block-column has-global-padding is-layout-constrained wp-block-column-is-layout-constrained\">\n<p class=\"has-text-align-center is-style-text-annotation is-style-text-annotation--3\">SEO\/GEO &amp; Performance<\/p>\n<\/div>\n<\/div>\n\n\n\n<div class=\"wp-block-columns is-layout-flex wp-container-core-columns-is-layout-28f84493 wp-block-columns-is-layout-flex\">\n<div class=\"wp-block-column has-global-padding is-layout-constrained wp-block-column-is-layout-constrained\">\n<p class=\"has-text-align-center is-style-text-annotation is-style-text-annotation--4\">Design &amp; Acessibility<\/p>\n<\/div>\n\n\n\n<div class=\"wp-block-column has-global-padding is-layout-constrained wp-block-column-is-layout-constrained\">\n<p class=\"has-text-align-center is-style-text-annotation is-style-text-annotation--5\">Freelancers &amp; Agencies<\/p>\n<\/div>\n\n\n\n<div class=\"wp-block-column has-global-padding is-layout-constrained wp-block-column-is-layout-constrained\">\n<p class=\"has-text-align-center is-style-text-annotation is-style-text-annotation--6\">Translations &amp; Community<\/p>\n<\/div>\n<\/div>\n\n\n\n<p>This will be a day dedicated to sharing, learning, and collaboration, with a focus on WordPress, but also on web development in general, the current challenges of the industry, and how we work as a community.<\/p>\n\n\n\n<figure class=\"wp-block-gallery has-nested-images columns-default is-cropped wp-block-gallery-7 is-layout-flex wp-block-gallery-is-layout-flex\" style=\"border-top-left-radius:0px;border-top-right-radius:0px;border-bottom-left-radius:0px;border-bottom-right-radius:0px\">\n<figure class=\"wp-block-image size-medium has-custom-border\"><img loading=\"lazy\" decoding=\"async\" width=\"300\" height=\"200\" data-id=\"1504\" src=\"https:\/\/portugal.wordcamp.org\/2026\/files\/2026\/03\/54535633238_8bc2373a0c_c-300x200.webp\" alt=\"\" class=\"wp-image-1504\" style=\"border-top-left-radius:15px;border-top-right-radius:15px;border-bottom-left-radius:15px;border-bottom-right-radius:15px\" srcset=\"https:\/\/portugal.wordcamp.org\/2026\/files\/2026\/03\/54535633238_8bc2373a0c_c-300x200.webp 300w, https:\/\/portugal.wordcamp.org\/2026\/files\/2026\/03\/54535633238_8bc2373a0c_c-768x513.webp 768w, https:\/\/portugal.wordcamp.org\/2026\/files\/2026\/03\/54535633238_8bc2373a0c_c-449x300.webp 449w, https:\/\/portugal.wordcamp.org\/2026\/files\/2026\/03\/54535633238_8bc2373a0c_c.webp 800w\" sizes=\"auto, (max-width: 300px) 100vw, 300px\" \/><\/figure>\n\n\n\n<figure class=\"wp-block-image size-medium has-custom-border\"><img loading=\"lazy\" decoding=\"async\" width=\"300\" height=\"200\" data-id=\"1510\" src=\"https:\/\/portugal.wordcamp.org\/2026\/files\/2026\/03\/comunidade-300x200.jpg\" alt=\"\" class=\"wp-image-1510\" style=\"border-top-left-radius:15px;border-top-right-radius:15px;border-bottom-left-radius:15px;border-bottom-right-radius:15px\" srcset=\"https:\/\/portugal.wordcamp.org\/2026\/files\/2026\/03\/comunidade-300x200.jpg 300w, https:\/\/portugal.wordcamp.org\/2026\/files\/2026\/03\/comunidade-1024x683.jpg 1024w, https:\/\/portugal.wordcamp.org\/2026\/files\/2026\/03\/comunidade-768x512.jpg 768w, https:\/\/portugal.wordcamp.org\/2026\/files\/2026\/03\/comunidade-450x300.jpg 450w, https:\/\/portugal.wordcamp.org\/2026\/files\/2026\/03\/comunidade-1536x1024.jpg 1536w, https:\/\/portugal.wordcamp.org\/2026\/files\/2026\/03\/comunidade.jpg 2048w\" sizes=\"auto, (max-width: 300px) 100vw, 300px\" \/><\/figure>\n\n\n\n<figure class=\"wp-block-image size-medium has-custom-border\"><img loading=\"lazy\" decoding=\"async\" width=\"300\" height=\"200\" data-id=\"1505\" src=\"https:\/\/portugal.wordcamp.org\/2026\/files\/2026\/03\/54523735295_6d110064b6_c-300x200.webp\" alt=\"\" class=\"wp-image-1505\" style=\"border-top-left-radius:15px;border-top-right-radius:15px;border-bottom-left-radius:15px;border-bottom-right-radius:15px\" srcset=\"https:\/\/portugal.wordcamp.org\/2026\/files\/2026\/03\/54523735295_6d110064b6_c-300x200.webp 300w, https:\/\/portugal.wordcamp.org\/2026\/files\/2026\/03\/54523735295_6d110064b6_c-768x512.webp 768w, https:\/\/portugal.wordcamp.org\/2026\/files\/2026\/03\/54523735295_6d110064b6_c-450x300.webp 450w, https:\/\/portugal.wordcamp.org\/2026\/files\/2026\/03\/54523735295_6d110064b6_c.webp 799w\" sizes=\"auto, (max-width: 300px) 100vw, 300px\" \/><\/figure>\n<\/figure>\n\n\n\n<h2 class=\"wp-block-heading\"><strong>A welcoming environment, a day of sharing<\/strong><\/h2>\n\n\n\n<p>Historically known as \u201cContributor Day,\u201d we want this new Community Day to be an accessible and welcoming space for everyone, regardless of experience level. Throughout the day, you\u2019ll find different formats designed to engage all participants.<\/p>\n\n\n\n<p>No prior contribution experience is required, just a willingness to take part. If it\u2019s your first time at a WordCamp, you\u2019ll find volunteers ready to welcome you, guide you, and help you get involved in the different activities throughout the day.<\/p>\n\n\n\n<div class=\"wp-block-media-text is-stacked-on-mobile\" style=\"grid-template-columns:35% auto\"><figure class=\"wp-block-media-text__media\"><img loading=\"lazy\" decoding=\"async\" width=\"1024\" height=\"683\" src=\"https:\/\/portugal.wordcamp.org\/2026\/files\/2026\/03\/espacospartilha-1024x683.jpg\" alt=\"\" class=\"wp-image-1509 size-full\" srcset=\"https:\/\/portugal.wordcamp.org\/2026\/files\/2026\/03\/espacospartilha-1024x683.jpg 1024w, https:\/\/portugal.wordcamp.org\/2026\/files\/2026\/03\/espacospartilha-300x200.jpg 300w, https:\/\/portugal.wordcamp.org\/2026\/files\/2026\/03\/espacospartilha-768x512.jpg 768w, https:\/\/portugal.wordcamp.org\/2026\/files\/2026\/03\/espacospartilha-450x300.jpg 450w, https:\/\/portugal.wordcamp.org\/2026\/files\/2026\/03\/espacospartilha-1536x1024.jpg 1536w, https:\/\/portugal.wordcamp.org\/2026\/files\/2026\/03\/espacospartilha.jpg 2048w\" sizes=\"auto, (max-width: 1024px) 100vw, 1024px\" \/><\/figure><div class=\"wp-block-media-text__content\">\n<h3 class=\"wp-block-heading\"><strong>Colaboration Spaces (10h &#8211; 13h)<\/strong><\/h3>\n\n\n\n<p>Sharing and contribution tables where you can discuss current topics, exchange experiences, and collaborate with other members of the community. From security, performance, and accessibility to AI, freelancing, and career sustainability.<\/p>\n<\/div><\/div>\n\n\n\n<div class=\"wp-block-media-text has-media-on-the-right is-stacked-on-mobile\" style=\"grid-template-columns:auto 35%\"><div class=\"wp-block-media-text__content\">\n<h3 class=\"wp-block-heading\"><strong><strong>Community Forum (2:00 PM \u2013 3:00 PM)<\/strong><\/strong><\/h3>\n\n\n\n<p>An open session to reflect on the state of the WordPress community in Portugal, identify challenges and opportunities, and share ideas about the future.<\/p>\n<\/div><figure class=\"wp-block-media-text__media\"><img loading=\"lazy\" decoding=\"async\" width=\"1024\" height=\"683\" src=\"https:\/\/portugal.wordcamp.org\/2026\/files\/2026\/03\/54949525368_2e0dbc69ee_k-1024x683.jpg\" alt=\"\" class=\"wp-image-1511 size-full\" srcset=\"https:\/\/portugal.wordcamp.org\/2026\/files\/2026\/03\/54949525368_2e0dbc69ee_k-1024x683.jpg 1024w, https:\/\/portugal.wordcamp.org\/2026\/files\/2026\/03\/54949525368_2e0dbc69ee_k-300x200.jpg 300w, https:\/\/portugal.wordcamp.org\/2026\/files\/2026\/03\/54949525368_2e0dbc69ee_k-768x512.jpg 768w, https:\/\/portugal.wordcamp.org\/2026\/files\/2026\/03\/54949525368_2e0dbc69ee_k-450x300.jpg 450w, https:\/\/portugal.wordcamp.org\/2026\/files\/2026\/03\/54949525368_2e0dbc69ee_k-1536x1024.jpg 1536w, https:\/\/portugal.wordcamp.org\/2026\/files\/2026\/03\/54949525368_2e0dbc69ee_k.jpg 2048w\" sizes=\"auto, (max-width: 1024px) 100vw, 1024px\" \/><\/figure><\/div>\n\n\n\n<div class=\"wp-block-media-text is-stacked-on-mobile\" style=\"grid-template-columns:35% auto\"><figure class=\"wp-block-media-text__media\"><img loading=\"lazy\" decoding=\"async\" width=\"1024\" height=\"683\" src=\"https:\/\/portugal.wordcamp.org\/2026\/files\/2026\/03\/sessoes-1024x683.jpg\" alt=\"\" class=\"wp-image-1508 size-full\" srcset=\"https:\/\/portugal.wordcamp.org\/2026\/files\/2026\/03\/sessoes-1024x683.jpg 1024w, https:\/\/portugal.wordcamp.org\/2026\/files\/2026\/03\/sessoes-300x200.jpg 300w, https:\/\/portugal.wordcamp.org\/2026\/files\/2026\/03\/sessoes-768x512.jpg 768w, https:\/\/portugal.wordcamp.org\/2026\/files\/2026\/03\/sessoes-450x300.jpg 450w, https:\/\/portugal.wordcamp.org\/2026\/files\/2026\/03\/sessoes-1536x1024.jpg 1536w, https:\/\/portugal.wordcamp.org\/2026\/files\/2026\/03\/sessoes.jpg 2048w\" sizes=\"auto, (max-width: 1024px) 100vw, 1024px\" \/><\/figure><div class=\"wp-block-media-text__content\">\n<h3 class=\"wp-block-heading\"><strong><strong>Sharing Sessions (3:00 PM \u2013 5:00 PM)<\/strong><\/strong><\/h3>\n\n\n\n<p><strong>Sharing Sessions (3:00 PM \u2013 5:00 PM)<\/strong><\/p>\n\n\n\n<p>Sessions led by community members, focused on artificial intelligence and community, where real-world use cases will be presented, along with different approaches and practical learnings.<\/p>\n<\/div><\/div>\n\n\n\n<h2 class=\"wp-block-heading has-text-align-center\">Schedule<\/h2>\n\n\n\n<div class=\"wp-block-columns is-layout-flex wp-container-core-columns-is-layout-28f84493 wp-block-columns-is-layout-flex\">\n<div class=\"wp-block-column is-layout-flow wp-block-column-is-layout-flow\">\n<div\n\tclass=\"wp-block-wordcamp-schedule alignwide is-loading\"\n\t\tdata-attributes=\"{&quot;__isStylesPreview&quot;:false,&quot;align&quot;:&quot;wide&quot;,&quot;chooseSpecificDays&quot;:true,&quot;chosenDays&quot;:[&quot;2026-05-15&quot;],&quot;chooseSpecificTracks&quot;:false,&quot;chosenTrackIds&quot;:[],&quot;showCategories&quot;:true,&quot;useClientTimezone&quot;:false}\"\n>\n\tA carregar&#8230;<\/div>\n\n\n\t<div class=\"email-form fav-session-email-form-hide\">\n\t\t<!-- Tab links -->\n\t\t<div class=\"fav-session-share-tab\">\n\t\t\t\t\t\t\t<div class=\"fav-session-tablinks\" id=\"fav-session-btn-email\">\n\t\t\t\t\tEmail\t\t\t\t<\/div>\n\t\t\t\n\t\t\t<div class=\"fav-session-tablinks\" id=\"fav-session-btn-link\">\n\t\t\t\tLiga\u00e7\u00e3o\t\t\t<\/div>\n\n\t\t\t<div class=\"fav-session-tablinks\" id=\"fav-session-btn-print\">\n\t\t\t\tImprimir\t\t\t<\/div>\n\t\t<\/div>\n\n\t\t<!-- Tab content -->\n\t\t\t\t\t<div id=\"fav-session-tab-email\" class=\"fav-session-share-tabcontent\">\n\t\t\t\t<div id=\"fav-session-email-form\">\n\t\t\t\t\tEnvie-me as minhas sess\u00f5es favoritas:\n\t\t\t\t\t<form id=\"fav-sessions-form\">\n\t\t\t\t\t\t<input\n\t\t\t\t\t\t\ttype=\"text\"\n\t\t\t\t\t\t\tname=\"email_address\"\n\t\t\t\t\t\t\tid=\"fav-sessions-email-address\"\n\t\t\t\t\t\t\tplaceholder=\"me@protonmail.com\"\n\t\t\t\t\t\t\/>\n\t\t\t\t\t\t<input type=\"submit\" value=\"Enviar\" \/>\n\t\t\t\t\t<\/form>\n\t\t\t\t<\/div>\n\n\t\t\t\t<div class=\"fav-session-email-wait-spinner\"><\/div>\n\t\t\t\t<div class=\"fav-session-email-result\"><\/div>\n\t\t\t<\/div>\n\t\t\n\t\t<div id=\"fav-session-tab-link\" class=\"fav-session-share-tabcontent\">\n\t\t\tShareable link:\t\t\t<br \/>\n\t\t\t<a id=\"fav-sessions-link\" href=\"\"><\/a>\n\t\t<\/div>\n\n\t\t<div id=\"fav-session-tab-print\" class=\"fav-session-share-tabcontent\">\n\t\t\t<button id=\"fav-session-print\">\n\t\t\t\tPrint favorite sessions\t\t\t<\/button>\n\t\t<\/div>\n\t<\/div>\n\n\t<a class=\"show-email-form\" href=\"javascript:\">\n\t\t<span class=\"dashicons dashicons-star-filled\"><\/span>\n\t\t<span class=\"dashicons dashicons-email-alt\"><\/span>\n\t<\/a>\n\n\t<\/div>\n<\/div>\n\n\n\n<h2 class=\"wp-block-heading\">Informations<\/h2>\n\n\n\n<p><strong>Date: May 15h<br><\/strong>Location: Funda\u00e7\u00e3o Ant\u00f3nio Cupertino de Miranda, Porto<br>Times: 09:30 AM to 5:30 PM<\/p>\n<\/div>\n<\/div>\n","protected":false},"excerpt":{"rendered":"<p>(Para a vers\u00e3o em portugu\u00eas, visite Dia da Comunidade) Will WordPress continue to be relevant? And what role will the community and new tools, such as artificial intelligence, play in how we develop for the web? On May 15, we invite you to take part in WordCamp Portugal Community Day at the Ant\u00f3nio Cupertino de [&hellip;]<\/p>\n","protected":false},"author":8433142,"featured_media":0,"parent":0,"menu_order":0,"comment_status":"closed","ping_status":"closed","template":"","meta":{"jetpack_post_was_ever_published":false,"_nakedcatplugins_page_lang":"","_nakedcatplugins_page_dir":"ltr","footnotes":""},"class_list":["post-1992","page","type-page","status-publish","hentry"],"jetpack_sharing_enabled":true,"_links":{"self":[{"href":"https:\/\/portugal.wordcamp.org\/2026\/wp-json\/wp\/v2\/pages\/1992","targetHints":{"allow":["GET"]}}],"collection":[{"href":"https:\/\/portugal.wordcamp.org\/2026\/wp-json\/wp\/v2\/pages"}],"about":[{"href":"https:\/\/portugal.wordcamp.org\/2026\/wp-json\/wp\/v2\/types\/page"}],"author":[{"embeddable":true,"href":"https:\/\/portugal.wordcamp.org\/2026\/wp-json\/wp\/v2\/users\/8433142"}],"replies":[{"embeddable":true,"href":"https:\/\/portugal.wordcamp.org\/2026\/wp-json\/wp\/v2\/comments?post=1992"}],"version-history":[{"count":4,"href":"https:\/\/portugal.wordcamp.org\/2026\/wp-json\/wp\/v2\/pages\/1992\/revisions"}],"predecessor-version":[{"id":2003,"href":"https:\/\/portugal.wordcamp.org\/2026\/wp-json\/wp\/v2\/pages\/1992\/revisions\/2003"}],"wp:attachment":[{"href":"https:\/\/portugal.wordcamp.org\/2026\/wp-json\/wp\/v2\/media?parent=1992"}],"curies":[{"name":"wp","href":"https:\/\/api.w.org\/{rel}","templated":true}]}}