{"id":2712,"date":"2026-05-05T15:44:35","date_gmt":"2026-05-05T14:44:35","guid":{"rendered":"https:\/\/portugal.wordcamp.org\/2026\/?page_id=2712"},"modified":"2026-05-05T15:44:35","modified_gmt":"2026-05-05T14:44:35","slug":"after-party-en","status":"publish","type":"page","link":"https:\/\/portugal.wordcamp.org\/2026\/after-party-en\/","title":{"rendered":"After-party"},"content":{"rendered":"\n<div dir=\"ltr\" lang=\"en\" class=\"wp-block-group has-global-padding is-layout-constrained wp-block-group-is-layout-constrained\">\n<p class=\"wp-block-paragraph\">Some will say it&#8217;s the most anticipated moment of WordCamp. We won&#8217;t go that far &#8211; WordCamp has plenty of special moments for everyone.<\/p>\n\n\n\n<p class=\"wp-block-paragraph\">The WordCamp Portugal 2026 after-party takes place on Saturday, May 16th, after the event. Starting at 20:00, we&#8217;ll have a party with <strong>free<\/strong> access for all WordCamp attendees.<\/p>\n\n\n\n<p class=\"wp-block-paragraph\"><strong>The event <em>badge<\/em> is required for entry<\/strong>, so don&#8217;t forget to bring it with you.<\/p>\n\n\n\n<p class=\"wp-block-paragraph\"><strong>The after-party will take place between 20:00 and 21:30<\/strong> in the atrium of the <a href=\"https:\/\/portugal.wordcamp.org\/2026\/location\/\" target=\"_blank\" rel=\"noreferrer noopener\">Funda\u00e7\u00e3o Dr. Ant\u00f3nio Cupertino de Miranda<\/a>, the same venue as the event. You don&#8217;t have to go anywhere &#8211; just stay. A <em>finger-food buffet<\/em> will be served, along with some drinks included<strong><a href=\"#notes\">*<\/a><\/strong>.<\/p>\n\n\n\n<figure class=\"wp-block-gallery has-nested-images columns-default is-cropped wp-block-gallery-1 is-layout-flex wp-block-gallery-is-layout-flex\">\n<figure class=\"wp-block-image size-full\"><img loading=\"lazy\" decoding=\"async\" width=\"799\" height=\"533\" data-id=\"2708\" src=\"https:\/\/portugal.wordcamp.org\/2026\/files\/2026\/05\/53730824055_34737f999b_c.jpg\" alt=\"\" class=\"wp-image-2708\" srcset=\"https:\/\/portugal.wordcamp.org\/2026\/files\/2026\/05\/53730824055_34737f999b_c.jpg 799w, https:\/\/portugal.wordcamp.org\/2026\/files\/2026\/05\/53730824055_34737f999b_c-300x200.jpeg 300w, https:\/\/portugal.wordcamp.org\/2026\/files\/2026\/05\/53730824055_34737f999b_c-768x512.jpeg 768w, https:\/\/portugal.wordcamp.org\/2026\/files\/2026\/05\/53730824055_34737f999b_c-450x300.jpeg 450w\" sizes=\"auto, (max-width: 799px) 100vw, 799px\" \/><\/figure>\n<\/figure>\n\n\n\n<p class=\"wp-block-paragraph\">We&#8217;ll extend the WordCamp spirit with casual conversations and lots of networking, in the same space where we spent the day.<\/p>\n\n\n\n<div style=\"height:10px\" aria-hidden=\"true\" class=\"wp-block-spacer\"><\/div>\n\n\n\n<h4 class=\"wp-block-heading\">Schedule:<\/h4>\n\n\n\n<ul class=\"wp-block-list\">\n<li><strong>20:00 to 21:30:<\/strong> <em>Finger-food buffet<\/em> with some drinks included<strong><a href=\"#notes\">*<\/a><\/strong>, in a relaxed atmosphere for networking.<\/li>\n<\/ul>\n\n\n\n<p class=\"has-small-font-size wp-block-paragraph\"><em>The schedule may still be subject to minor adjustments. Details about the included drinks will be shared soon.<\/em><\/p>\n\n\n\n<div style=\"height:10px\" aria-hidden=\"true\" class=\"wp-block-spacer\"><\/div>\n\n\n\n<p class=\"has-small-font-size wp-block-paragraph\" id=\"notes\"><strong>* Notes regarding access to the after-party:<\/strong><\/p>\n\n\n\n<p class=\"has-small-font-size wp-block-paragraph\">The organization will arrange the <em>buffet<\/em> and included drinks based on the expected number of attendees, according to the preference indicated at the time of ticket purchase and based on previous event experience.<\/p>\n\n\n\n<p class=\"has-small-font-size wp-block-paragraph\">In the event that the actual number of attendees exceeds expectations, the <em>buffet<\/em> may not be available for the entire scheduled time, regardless of the preference indicated on the ticket.<\/p>\n\n\n\n<p class=\"has-small-font-size wp-block-paragraph\">Access to the party is not expected to be restricted, unless at some point it is considered that the number of attendees in the venue could compromise everyone&#8217;s safety.<\/p>\n<\/div>\n","protected":false},"excerpt":{"rendered":"<p>Some will say it&#8217;s the most anticipated moment of WordCamp. We won&#8217;t go that far &#8211; WordCamp has plenty of special moments for everyone. The WordCamp Portugal 2026 after-party takes place on Saturday, May 16th, after the event. Starting at 20:00, we&#8217;ll have a party with free access for all WordCamp attendees. The event badge [&hellip;]<\/p>\n","protected":false},"author":14841532,"featured_media":0,"parent":0,"menu_order":0,"comment_status":"closed","ping_status":"closed","template":"","meta":{"_crdt_document":"{\"document\":\"AAAH\/qiOsxvTAbYBFgEBCgIBAQgASFqeAxTaA5B1AwABAQgBAUgSAgECCgJCSgCgBAECCgJCSgCOBgECCgJCSgCeAwECCgJCSgCoDQECCgEJSiQCAQIKAQNKZoABAQIKAkJKAIoEAQIKSgAQAQIKAkJKACQBAgoAShACAQIKAkxSrgUBAgoCQgBKAIIEAQIKSgAQAQIKAkIBAEoAkAIBAgoCQgBKAI4HAQIKAkIASgCcBgECCgJCAErusQG0twH2twEA+QEoASEAJwIoBCcAKAMnAAcAKAInASgAJwAEAIEAhACoAKcABwAoAicAKAMnAAcAKAMnAQQAKAAnAIcAKAMnAQQAKAAnAIcAKAMnAQQAKAAnAIcAKAMnAQQAKAAnAIcAKAMnASgCJwAoBicABwAoAycAKAEnACgCJwCHACgDJwEEACgAJwCHACgDJwAoACcAhwAoAycBBAAoACcAhwAoAycAKAEnAAcAKAMnAQQAJwCHACgDJwEEACgBJwCHACgDJwAoACcAhwAoAycBBAAoAicAhwAoAycBBAAoAScAhwAoAycBBAAoAScAhwAoAycBBAAoAScABAAoAKjXO\/M5c3RhdGV2ZXJzaW9uZG9jdW1lbnRkYXRlZG9jdW1lbnRzdGF0dXNkb2N1bWVudHRpdGxlZG9jdW1lbnRjb250ZW50ZG9jdW1lbnRleGNlcnB0ZG9jdW1lbnRhdXRob3Jkb2N1bWVudGZlYXR1cmVkX21lZGlhZG9jdW1lbnRjb21tZW50X3N0YXR1c2RvY3VtZW50cGluZ19zdGF0dXNkb2N1bWVudHRlbXBsYXRlZG9jdW1lbnRtZXRhamV0cGFja19wb3N0X3dhc19ldmVyX3B1Ymxpc2hlZF9uYWtlZGNhdHBsdWdpbnNfcGFnZV9sYW5nX25ha2VkY2F0cGx1Z2luc19wYWdlX2RpcmZvb3Rub3Rlc2RvY3VtZW50YmxvY2tzY2xpZW50SWRpc1ZhbGlkbmFtZWF0dHJpYnV0ZXNjb250ZW50ZHJvcENhcGlubmVyQmxvY2tzPCEtLSB3cDpncm91cCB7ImxhbmciOiJlbiIsImxheW91dCI6eyJ0eXBlIjoiY29uc3RyYWluZWQifX0gLS0+CjxkaXYgY2xhc3M9IndwLWJsb2NrLWdyb3VwIj48IS0tIHdwOnBhcmFncmFwaCAtLT4KPHA+U29tZSB3aWxsIHNheSBpdCdzIHRoZSBtb3N0IGFudGljaXBhdGVkIG1vbWVudCBvZiBXb3JkQ2FtcC4gV2Ugd29uJ3QgZ28gdGhhdCBmYXIgLSBXb3JkQ2FtcCBoYXMgcGxlbnR5IG9mIHNwZWNpYWwgbW9tZW50cyBmb3IgZXZlcnlvbmUuPC9wPgo8IS0tIC93cDpwYXJhZ3JhcGggLS0+Cgo8IS0tIHdwOnBhcmFncmFwaCAtLT4KPHA+VGhlIFdvcmRDYW1wIFBvcnR1Z2FsIDIwMjYgYWZ0ZXItcGFydHkgdGFrZXMgcGxhY2Ugb24gU2F0dXJkYXksIE1heSAxNnRoLCBhZnRlciB0aGUgZXZlbnQuIFN0YXJ0aW5nIGF0IDIwOjAwLCB3ZSdsbCBoYXZlIGEgcGFydHkgd2l0aCA8c3Ryb25nPmZyZWU8L3N0cm9uZz4gYWNjZXNzIGZvciBhbGwgV29yZENhbXAgYXR0ZW5kZWVzLjwvcD4KPCEtLSAvd3A6cGFyYWdyYXBoIC0tPgoKPCEtLSB3cDpwYXJhZ3JhcGggLS0+CjxwPjxzdHJvbmc+VGhlIGV2ZW50IDxlbT5iYWRnZTwvZW0+IGlzIHJlcXVpcmVkIGZvciBlbnRyeTwvc3Ryb25nPiwgc28gZG9uJ3QgZm9yZ2V0IHRvIGJyaW5nIGl0IHdpdGggeW91LjwvcD4KPCEtLSAvd3A6cGFyYWdyYXBoIC0tPgoKPCEtLSB3cDpwYXJhZ3JhcGggLS0+CjxwPjxzdHJvbmc+VGhlIGFmdGVyLXBhcnR5IHdpbGwgdGFrZSBwbGFjZSBiZXR3ZWVuIDIwOjAwIGFuZCAyMTozMDwvc3Ryb25nPiBpbiB0aGUgYXRyaXVtIG9mIHRoZSA8YSBocmVmPSJodHRwczovL3BvcnR1Z2FsLndvcmRjYW1wLm9yZy8yMDI2L2xvY2F0aW9uLyIgdGFyZ2V0PSJfYmxhbmsiIHJlbD0ibm9yZWZlcnJlciBub29wZW5lciI+RnVuZGHDp8OjbyBEci4gQW50w7NuaW8gQ3VwZXJ0aW5vIGRlIE1pcmFuZGE8L2E+LCB0aGUgc2FtZSB2ZW51ZSBhcyB0aGUgZXZlbnQuIFlvdSBkb24ndCBoYXZlIHRvIGdvIGFueXdoZXJlIC0ganVzdCBzdGF5LiBBIDxlbT5maW5nZXItZm9vZCBidWZmZXQ8L2VtPiB3aWxsIGJlIHNlcnZlZCwgYWxvbmcgd2l0aCBzb21lIGRyaW5rcyBpbmNsdWRlZDxzdHJvbmc+PGEgaHJlZj0iI25vdGVzIj4qPC9hPjwvc3Ryb25nPi48L3A+CjwhLS0gL3dwOnBhcmFncmFwaCAtLT4KCjwhLS0gd3A6Z2FsbGVyeSB7ImxpbmtUbyI6Im5vbmUifSAtLT4KPGZpZ3VyZSBjbGFzcz0id3AtYmxvY2stZ2FsbGVyeSBoYXMtbmVzdGVkLWltYWdlcyBjb2x1bW5zLWRlZmF1bHQgaXMtY3JvcHBlZCI+PCEtLSB3cDppbWFnZSB7ImlkIjoyNzA4LCJzaXplU2x1ZyI6ImZ1bGwiLCJsaW5rRGVzdGluYXRpb24iOiJub25lIn0gLS0+CjxmaWd1cmUgY2xhc3M9IndwLWJsb2NrLWltYWdlIHNpemUtZnVsbCI+PGltZyBzcmM9Imh0dHBzOi8vcG9ydHVnYWwud29yZGNhbXAub3JnLzIwMjYvZmlsZXMvMjAyNi8wNS81MzczMDgyNDA1NV8zNDczN2Y5OTliX2MuanBnIiBhbHQ9IiIgY2xhc3M9IndwLWltYWdlLTI3MDgiLz48L2ZpZ3VyZT4KPCEtLSAvd3A6aW1hZ2UgLS0+PC9maWd1cmU+CjwhLS0gL3dwOmdhbGxlcnkgLS0+Cgo8IS0tIHdwOnBhcmFncmFwaCAtLT4KPHA+V2UnbGwgZXh0ZW5kIHRoZSBXb3JkQ2FtcCBzcGlyaXQgd2l0aCBjYXN1YWwgY29udmVyc2F0aW9ucyBhbmQgbG90cyBvZiBuZXR3b3JraW5nLCBpbiB0aGUgc2FtZSBzcGFjZSB3aGVyZSB3ZSBzcGVudCB0aGUgZGF5LjwvcD4KPCEtLSAvd3A6cGFyYWdyYXBoIC0tPgoKPCEtLSB3cDpzcGFjZXIgeyJoZWlnaHQiOiIxMHB4In0gLS0+CjxkaXYgc3R5bGU9ImhlaWdodDoxMHB4IiBhcmlhLWhpZGRlbj0idHJ1ZSIgY2xhc3M9IndwLWJsb2NrLXNwYWNlciI+PC9kaXY+CjwhLS0gL3dwOnNwYWNlciAtLT4KCjwhLS0gd3A6aGVhZGluZyB7ImxldmVsIjo0fSAtLT4KPGg0IGNsYXNzPSJ3cC1ibG9jay1oZWFkaW5nIj5TY2hlZHVsZTo8L2g0Pgo8IS0tIC93cDpoZWFkaW5nIC0tPgoKPCEtLSB3cDpsaXN0IC0tPgo8dWwgY2xhc3M9IndwLWJsb2NrLWxpc3QiPjwhLS0gd3A6bGlzdC1pdGVtIC0tPgo8bGk+PHN0cm9uZz4yMDowMCB0byAyMTozMDo8L3N0cm9uZz4gPGVtPkZpbmdlci1mb29kIGJ1ZmZldDwvZW0+IHdpdGggc29tZSBkcmlua3MgaW5jbHVkZWQ8c3Ryb25nPjxhIGhyZWY9IiNub3RlcyI+KjwvYT48L3N0cm9uZz4sIGluIGEgcmVsYXhlZCBhdG1vc3BoZXJlIGZvciBuZXR3b3JraW5nLjwvbGk+CjwhLS0gL3dwOmxpc3QtaXRlbSAtLT48L3VsPgo8IS0tIC93cDpsaXN0IC0tPgoKPCEtLSB3cDpwYXJhZ3JhcGggeyJmb250U2l6ZSI6InNtYWxsIn0gLS0+CjxwIGNsYXNzPSJoYXMtc21hbGwtZm9udC1zaXplIj48ZW0+VGhlIHNjaGVkdWxlIG1heSBzdGlsbCBiZSBzdWJqZWN0IHRvIG1pbm9yIGFkanVzdG1lbnRzLiBEZXRhaWxzIGFib3V0IHRoZSBpbmNsdWRlZCBkcmlua3Mgd2lsbCBiZSBzaGFyZWQgc29vbi48L2VtPjwvcD4KPCEtLSAvd3A6cGFyYWdyYXBoIC0tPgoKPCEtLSB3cDpzcGFjZXIgeyJoZWlnaHQiOiIxMHB4In0gLS0+CjxkaXYgc3R5bGU9ImhlaWdodDoxMHB4IiBhcmlhLWhpZGRlbj0idHJ1ZSIgY2xhc3M9IndwLWJsb2NrLXNwYWNlciI+PC9kaXY+CjwhLS0gL3dwOnNwYWNlciAtLT4KCjwhLS0gd3A6cGFyYWdyYXBoIHsiZm9udFNpemUiOiJzbWFsbCIsImFuY2hvciI6Im5vdGVzIn0gLS0+CjxwIGNsYXNzPSJoYXMtc21hbGwtZm9udC1zaXplIiBpZD0ibm90ZXMiPjxzdHJvbmc+KiBOb3RlcyByZWdhcmRpbmcgYWNjZXNzIHRvIHRoZSBhZnRlci1wYXJ0eTo8L3N0cm9uZz48L3A+CjwhLS0gL3dwOnBhcmFncmFwaCAtLT4KCjwhLS0gd3A6cGFyYWdyYXBoIHsiZm9udFNpemUiOiJzbWFsbCJ9IC0tPgo8cCBjbGFzcz0iaGFzLXNtYWxsLWZvbnQtc2l6ZSI+VGhlIG9yZ2FuaXphdGlvbiB3aWxsIGFycmFuZ2UgdGhlIDxlbT5idWZmZXQ8L2VtPiBhbmQgaW5jbHVkZWQgZHJpbmtzIGJhc2VkIG9uIHRoZSBleHBlY3RlZCBudW1iZXIgb2YgYXR0ZW5kZWVzLCBhY2NvcmRpbmcgdG8gdGhlIHByZWZlcmVuY2UgaW5kaWNhdGVkIGF0IHRoZSB0aW1lIG9mIHRpY2tldCBwdXJjaGFzZSBhbmQgYmFzZWQgb24gcHJldmlvdXMgZXZlbnQgZXhwZXJpZW5jZS48L3A+CjwhLS0gL3dwOnBhcmFncmFwaCAtLT4KCjwhLS0gd3A6cGFyYWdyYXBoIHsiZm9udFNpemUiOiJzbWFsbCJ9IC0tPgo8cCBjbGFzcz0iaGFzLXNtYWxsLWZvbnQtc2l6ZSI+SW4gdGhlIGV2ZW50IHRoYXQgdGhlIGFjdHVhbCBudW1iZXIgb2YgYXR0ZW5kZWVzIGV4Y2VlZHMgZXhwZWN0YXRpb25zLCB0aGUgPGVtPmJ1ZmZldDwvZW0+IG1heSBub3QgYmUgYXZhaWxhYmxlIGZvciB0aGUgZW50aXJlIHNjaGVkdWxlZCB0aW1lLCByZWdhcmRsZXNzIG9mIHRoZSBwcmVmZXJlbmNlIGluZGljYXRlZCBvbiB0aGUgdGlja2V0LjwvcD4KPCEtLSAvd3A6cGFyYWdyYXBoIC0tPgoKPCEtLSB3cDpwYXJhZ3JhcGggeyJmb250U2l6ZSI6InNtYWxsIn0gLS0+CjxwIGNsYXNzPSJoYXMtc21hbGwtZm9udC1zaXplIj5BY2Nlc3MgdG8gdGhlIHBhcnR5IGlzIG5vdCBleHBlY3RlZCB0byBiZSByZXN0cmljdGVkLCB1bmxlc3MgYXQgc29tZSBwb2ludCBpdCBpcyBjb25zaWRlcmVkIHRoYXQgdGhlIG51bWJlciBvZiBhdHRlbmRlZXMgaW4gdGhlIHZlbnVlIGNvdWxkIGNvbXByb21pc2UgZXZlcnlvbmUncyBzYWZldHkuPC9wPgo8IS0tIC93cDpwYXJhZ3JhcGggLS0+PC9kaXY+CjwhLS0gL3dwOmdyb3VwIC0tPmNsaWVudElkaXNWYWxpZG5hbWVhdHRyaWJ1dGVzdGFnTmFtZWxhbmdkaXJsYXlvdXRpbm5lckJsb2Nrc2NsaWVudElkaXNWYWxpZG9yaWdpbmFsQ29udGVudG5hbWVhdHRyaWJ1dGVzY29udGVudFNvbWUgd2lsbCBzYXkgaXQncyB0aGUgbW9zdCBhbnRpY2lwYXRlZCBtb21lbnQgb2YgV29yZENhbXAuIFdlIHdvbid0IGdvIHRoYXQgZmFyIC0gV29yZENhbXAgaGFzIHBsZW50eSBvZiBzcGVjaWFsIG1vbWVudHMgZm9yIGV2ZXJ5b25lLmRyb3BDYXBpbm5lckJsb2Nrc2NsaWVudElkaXNWYWxpZG9yaWdpbmFsQ29udGVudG5hbWVhdHRyaWJ1dGVzY29udGVudFRoZSBXb3JkQ2FtcCBQb3J0dWdhbCAyMDI2IGFmdGVyLXBhcnR5IHRha2VzIHBsYWNlIG9uIFNhdHVyZGF5LCBNYXkgMTZ0aCwgYWZ0ZXIgdGhlIGV2ZW50LiBTdGFydGluZyBhdCAyMDowMCwgd2UnbGwgaGF2ZSBhIHBhcnR5IHdpdGggPHN0cm9uZz5mcmVlPC9zdHJvbmc+IGFjY2VzcyBmb3IgYWxsIFdvcmRDYW1wIGF0dGVuZGVlcy5kcm9wQ2FwaW5uZXJCbG9ja3NjbGllbnRJZGlzVmFsaWRvcmlnaW5hbENvbnRlbnRuYW1lYXR0cmlidXRlc2NvbnRlbnQ8c3Ryb25nPlRoZSBldmVudCA8ZW0+YmFkZ2U8L2VtPiBpcyByZXF1aXJlZCBmb3IgZW50cnk8L3N0cm9uZz4sIHNvIGRvbid0IGZvcmdldCB0byBicmluZyBpdCB3aXRoIHlvdS5kcm9wQ2FwaW5uZXJCbG9ja3NjbGllbnRJZGlzVmFsaWRvcmlnaW5hbENvbnRlbnRuYW1lYXR0cmlidXRlc2NvbnRlbnQ8c3Ryb25nPlRoZSBhZnRlci1wYXJ0eSB3aWxsIHRha2UgcGxhY2UgYmV0d2VlbiAyMDowMCBhbmQgMjE6MzA8L3N0cm9uZz4gaW4gdGhlIGF0cml1bSBvZiB0aGUgPGEgaHJlZj0iaHR0cHM6Ly9wb3J0dWdhbC53b3JkY2FtcC5vcmcvMjAyNi9sb2NhdGlvbi8iIHRhcmdldD0iX2JsYW5rIiByZWw9Im5vcmVmZXJyZXIgbm9vcGVuZXIiPkZ1bmRhw6fDo28gRHIuIEFudMOzbmlvIEN1cGVydGlubyBkZSBNaXJhbmRhPC9hPiwgdGhlIHNhbWUgdmVudWUgYXMgdGhlIGV2ZW50LiBZb3UgZG9uJ3QgaGF2ZSB0byBnbyBhbnl3aGVyZSAtIGp1c3Qgc3RheS4gQSA8ZW0+ZmluZ2VyLWZvb2QgYnVmZmV0PC9lbT4gd2lsbCBiZSBzZXJ2ZWQsIGFsb25nIHdpdGggc29tZSBkcmlua3MgaW5jbHVkZWQ8c3Ryb25nPjxhIGhyZWY9IiNub3RlcyI+KjwvYT48L3N0cm9uZz4uZHJvcENhcGlubmVyQmxvY2tzY2xpZW50SWRpc1ZhbGlkb3JpZ2luYWxDb250ZW50bmFtZWF0dHJpYnV0ZXNpbWFnZXNpZHNuYXZpZ2F0aW9uQnV0dG9uVHlwZXNob3J0Q29kZVRyYW5zZm9ybXNjYXB0aW9uaW1hZ2VDcm9wcmFuZG9tT3JkZXJmaXhlZEhlaWdodGxpbmtUb3NpemVTbHVnYWxsb3dSZXNpemVhc3BlY3RSYXRpb2lubmVyQmxvY2tzY2xpZW50SWRpc1ZhbGlkb3JpZ2luYWxDb250ZW50bmFtZWF0dHJpYnV0ZXN1cmxhbHRjYXB0aW9uaWRzaXplU2x1Z2xpbmtEZXN0aW5hdGlvbmlubmVyQmxvY2tzY2xpZW50SWRpc1ZhbGlkb3JpZ2luYWxDb250ZW50bmFtZWF0dHJpYnV0ZXNjb250ZW50V2UnbGwgZXh0ZW5kIHRoZSBXb3JkQ2FtcCBzcGlyaXQgd2l0aCBjYXN1YWwgY29udmVyc2F0aW9ucyBhbmQgbG90cyBvZiBuZXR3b3JraW5nLCBpbiB0aGUgc2FtZSBzcGFjZSB3aGVyZSB3ZSBzcGVudCB0aGUgZGF5LmRyb3BDYXBpbm5lckJsb2Nrc2NsaWVudElkaXNWYWxpZG9yaWdpbmFsQ29udGVudG5hbWVhdHRyaWJ1dGVzaGVpZ2h0aW5uZXJCbG9ja3NjbGllbnRJZGlzVmFsaWRvcmlnaW5hbENvbnRlbnRuYW1lYXR0cmlidXRlc2NvbnRlbnRTY2hlZHVsZTpsZXZlbGlubmVyQmxvY2tzY2xpZW50SWRpc1ZhbGlkb3JpZ2luYWxDb250ZW50bmFtZWF0dHJpYnV0ZXNvcmRlcmVkdmFsdWVzaW5uZXJCbG9ja3NjbGllbnRJZGlzVmFsaWRvcmlnaW5hbENvbnRlbnRuYW1lYXR0cmlidXRlc2NvbnRlbnQ8c3Ryb25nPjIwOjAwIHRvIDIxOjMwOjwvc3Ryb25nPiA8ZW0+RmluZ2VyLWZvb2QgYnVmZmV0PC9lbT4gd2l0aCBzb21lIGRyaW5rcyBpbmNsdWRlZDxzdHJvbmc+PGEgaHJlZj0iI25vdGVzIj4qPC9hPjwvc3Ryb25nPiwgaW4gYSByZWxheGVkIGF0bW9zcGhlcmUgZm9yIG5ldHdvcmtpbmcuaW5uZXJCbG9ja3NjbGllbnRJZGlzVmFsaWRvcmlnaW5hbENvbnRlbnRuYW1lYXR0cmlidXRlc2NvbnRlbnQ8ZW0+VGhlIHNjaGVkdWxlIG1heSBzdGlsbCBiZSBzdWJqZWN0IHRvIG1pbm9yIGFkanVzdG1lbnRzLiBEZXRhaWxzIGFib3V0IHRoZSBpbmNsdWRlZCBkcmlua3Mgd2lsbCBiZSBzaGFyZWQgc29vbi48L2VtPmRyb3BDYXBmb250U2l6ZWlubmVyQmxvY2tzY2xpZW50SWRpc1ZhbGlkb3JpZ2luYWxDb250ZW50bmFtZWF0dHJpYnV0ZXNoZWlnaHRpbm5lckJsb2Nrc2NsaWVudElkaXNWYWxpZG9yaWdpbmFsQ29udGVudG5hbWVhdHRyaWJ1dGVzY29udGVudDxzdHJvbmc+KiBOb3RlcyByZWdhcmRpbmcgYWNjZXNzIHRvIHRoZSBhZnRlci1wYXJ0eTo8L3N0cm9uZz5kcm9wQ2FwZm9udFNpemVhbmNob3Jpbm5lckJsb2Nrc2NsaWVudElkaXNWYWxpZG9yaWdpbmFsQ29udGVudG5hbWVhdHRyaWJ1dGVzY29udGVudFRoZSBvcmdhbml6YXRpb24gd2lsbCBhcnJhbmdlIHRoZSA8ZW0+YnVmZmV0PC9lbT4gYW5kIGluY2x1ZGVkIGRyaW5rcyBiYXNlZCBvbiB0aGUgZXhwZWN0ZWQgbnVtYmVyIG9mIGF0dGVuZGVlcywgYWNjb3JkaW5nIHRvIHRoZSBwcmVmZXJlbmNlIGluZGljYXRlZCBhdCB0aGUgdGltZSBvZiB0aWNrZXQgcHVyY2hhc2UgYW5kIGJhc2VkIG9uIHByZXZpb3VzIGV2ZW50IGV4cGVyaWVuY2UuZHJvcENhcGZvbnRTaXplaW5uZXJCbG9ja3NjbGllbnRJZGlzVmFsaWRvcmlnaW5hbENvbnRlbnRuYW1lYXR0cmlidXRlc2NvbnRlbnRJbiB0aGUgZXZlbnQgdGhhdCB0aGUgYWN0dWFsIG51bWJlciBvZiBhdHRlbmRlZXMgZXhjZWVkcyBleHBlY3RhdGlvbnMsIHRoZSA8ZW0+YnVmZmV0PC9lbT4gbWF5IG5vdCBiZSBhdmFpbGFibGUgZm9yIHRoZSBlbnRpcmUgc2NoZWR1bGVkIHRpbWUsIHJlZ2FyZGxlc3Mgb2YgdGhlIHByZWZlcmVuY2UgaW5kaWNhdGVkIG9uIHRoZSB0aWNrZXQuZHJvcENhcGZvbnRTaXplaW5uZXJCbG9ja3NjbGllbnRJZGlzVmFsaWRvcmlnaW5hbENvbnRlbnRuYW1lYXR0cmlidXRlc2NvbnRlbnRBY2Nlc3MgdG8gdGhlIHBhcnR5IGlzIG5vdCBleHBlY3RlZCB0byBiZSByZXN0cmljdGVkLCB1bmxlc3MgYXQgc29tZSBwb2ludCBpdCBpcyBjb25zaWRlcmVkIHRoYXQgdGhlIG51bWJlciBvZiBhdHRlbmRlZXMgaW4gdGhlIHZlbnVlIGNvdWxkIGNvbXByb21pc2UgZXZlcnlvbmUncyBzYWZldHkuZHJvcENhcGZvbnRTaXplaW5uZXJCbG9ja3NBZnRlci1wYXJ0eWRvY3VtZW50c2x1ZwUHCAQIBggFCAcIBwgGCA4IDggLSAEEHxoZCQgGCAcECkcAC5sBujgIBwQKBwQDBgsIBw8ECgeHAgcLCAcPBAoHvgIHCwgHDwQKB6YBBwsIBw8ECgerBgcLCAcPBAoGAxQTBwlLAAYISwEIBw8ECkMABwIIDwsIBw8ECge8AQcLCAcPBAoGCwgHDwQKBwkFCwgHDwQKBwYLCAcPBAoHpgILCAcPBAoHtwEHCAsIBw8ECgYLCAcPBAoHPQcIBgsIBw8ECgedAwcICwgHDwQKB4QDBwgLCAcPBAoHqQIHCEsACAQKAQsAAwEAALsBAU5CAQEAQQACQABBAABBAAIAQQACAEEAAgBBAAIAQQAAAgBBAAIAQQACAEEAAEEAAgBBAABBAAIAQQACAEEAAEEAAgBBAAIAQQACAEEAAgAIQQ4KQW4GQQAB4gEAfQF3EzIwMjYtMDUtMDVUMTU6NDE6NTZ9vNqTDn0AdwZjbG9zZWR3BmNsb3NlZHcAeXcAdwNsdHJ3AHckZDI1Njc0MTgtMWUyYi00OWMyLTgyNzUtZjYyNzhlZmIxY2U0eHcOY29yZS9wYXJhZ3JhcGh5f3ckODEwNGZiNzQtYWE2OC00ZDBhLWEyMGEtYTI3M2FmMDhiNDUzeHcKY29yZS9ncm91cHcDZGl2dwJlbncDbHRydgEEdHlwZXcLY29uc3RyYWluZWR3JDQ0ODkzNzc4LTNhYmItNDVmZC05Zjc2LTQ5NGZhMTZlYmM4Ynh3jgE8cD5Tb21lIHdpbGwgc2F5IGl0J3MgdGhlIG1vc3QgYW50aWNpcGF0ZWQgbW9tZW50IG9mIFdvcmRDYW1wLiBXZSB3b24ndCBnbyB0aGF0IGZhciAtIFdvcmRDYW1wIGhhcyBwbGVudHkgb2Ygc3BlY2lhbCBtb21lbnRzIGZvciBldmVyeW9uZS48L3A+dw5jb3JlL3BhcmFncmFwaHl3JDljZjlkN2MyLTA0MDYtNDZhMC1iYjg5LTc4ZjllY2MyMDBiN3h3xQE8cD5UaGUgV29yZENhbXAgUG9ydHVnYWwgMjAyNiBhZnRlci1wYXJ0eSB0YWtlcyBwbGFjZSBvbiBTYXR1cmRheSwgTWF5IDE2dGgsIGFmdGVyIHRoZSBldmVudC4gU3RhcnRpbmcgYXQgMjA6MDAsIHdlJ2xsIGhhdmUgYSBwYXJ0eSB3aXRoIDxzdHJvbmc+ZnJlZTwvc3Ryb25nPiBhY2Nlc3MgZm9yIGFsbCBXb3JkQ2FtcCBhdHRlbmRlZXMuPC9wPncOY29yZS9wYXJhZ3JhcGh5dyQ0NjBhYzhlOC0yNDk0LTQ1ZDUtYTk4OS01ZjE1Y2E1ZTM1Mjd4d208cD48c3Ryb25nPlRoZSBldmVudCA8ZW0+YmFkZ2U8L2VtPiBpcyByZXF1aXJlZCBmb3IgZW50cnk8L3N0cm9uZz4sIHNvIGRvbid0IGZvcmdldCB0byBicmluZyBpdCB3aXRoIHlvdS48L3A+dw5jb3JlL3BhcmFncmFwaHl3JDE0ZWU0NDAyLWEyNDgtNDdmZS1hNzZkLWNlYmViNmFiNjA3Ynh3tQM8cD48c3Ryb25nPlRoZSBhZnRlci1wYXJ0eSB3aWxsIHRha2UgcGxhY2UgYmV0d2VlbiAyMDowMCBhbmQgMjE6MzA8L3N0cm9uZz4gaW4gdGhlIGF0cml1bSBvZiB0aGUgPGEgaHJlZj0iaHR0cHM6Ly9wb3J0dWdhbC53b3JkY2FtcC5vcmcvMjAyNi9sb2NhdGlvbi8iIHRhcmdldD0iX2JsYW5rIiByZWw9Im5vcmVmZXJyZXIgbm9vcGVuZXIiPkZ1bmRhw6fDo28gRHIuIEFudMOzbmlvIEN1cGVydGlubyBkZSBNaXJhbmRhPC9hPiwgdGhlIHNhbWUgdmVudWUgYXMgdGhlIGV2ZW50LiBZb3UgZG9uJ3QgaGF2ZSB0byBnbyBhbnl3aGVyZSAtIGp1c3Qgc3RheS4gQSA8ZW0+ZmluZ2VyLWZvb2QgYnVmZmV0PC9lbT4gd2lsbCBiZSBzZXJ2ZWQsIGFsb25nIHdpdGggc29tZSBkcmlua3MgaW5jbHVkZWQ8c3Ryb25nPjxhIGhyZWY9IiNub3RlcyI+KjwvYT48L3N0cm9uZz4uPC9wPncOY29yZS9wYXJhZ3JhcGh5dyRiYjA2MWYwMC03OTI4LTQ2NDgtYjExYi05MGY2NTFlZTEzNTZ4d1c8ZmlndXJlIGNsYXNzPSJ3cC1ibG9jay1nYWxsZXJ5IGhhcy1uZXN0ZWQtaW1hZ2VzIGNvbHVtbnMtZGVmYXVsdCBpcy1jcm9wcGVkIj48L2ZpZ3VyZT53DGNvcmUvZ2FsbGVyeXUAdwRpY29udQB4eXh3BG5vbmV3BWxhcmdleXcEYXV0b3ckMmVmYWQwNjUtZjkxNi00ZWVhLTgyMzgtNjk0ZGQwYTE3Nzg1eHepATxmaWd1cmUgY2xhc3M9IndwLWJsb2NrLWltYWdlIHNpemUtZnVsbCI+PGltZyBzcmM9Imh0dHBzOi8vcG9ydHVnYWwud29yZGNhbXAub3JnLzIwMjYvZmlsZXMvMjAyNi8wNS81MzczMDgyNDA1NV8zNDczN2Y5OTliX2MuanBnIiBhbHQ9IiIgY2xhc3M9IndwLWltYWdlLTI3MDgiLz48L2ZpZ3VyZT53CmNvcmUvaW1hZ2V3TWh0dHBzOi8vcG9ydHVnYWwud29yZGNhbXAub3JnLzIwMjYvZmlsZXMvMjAyNi8wNS81MzczMDgyNDA1NV8zNDczN2Y5OTliX2MuanBndwB9lCp3BGZ1bGx3BG5vbmV3JDQ1MWQzODNjLTIyOWEtNDUyMS1iZmIzLTYzMDVkNGU4OGI5ZXh3gwE8cD5XZSdsbCBleHRlbmQgdGhlIFdvcmRDYW1wIHNwaXJpdCB3aXRoIGNhc3VhbCBjb252ZXJzYXRpb25zIGFuZCBsb3RzIG9mIG5ldHdvcmtpbmcsIGluIHRoZSBzYW1lIHNwYWNlIHdoZXJlIHdlIHNwZW50IHRoZSBkYXkuPC9wPncOY29yZS9wYXJhZ3JhcGh5dyQ1ZDczNTAwOS0yZDNiLTQzYWEtODM2MC03YWViZjJkMmY1YmV4d0o8ZGl2IHN0eWxlPSJoZWlnaHQ6MTBweCIgYXJpYS1oaWRkZW49InRydWUiIGNsYXNzPSJ3cC1ibG9jay1zcGFjZXIiPjwvZGl2PncLY29yZS9zcGFjZXJ3BDEwcHh3JDZhMTZkN2Y4LTFlNTItNDA2OS04YTZiLTdkMWZjNjc5YWZhZHh3KzxoNCBjbGFzcz0id3AtYmxvY2staGVhZGluZyI+U2NoZWR1bGU6PC9oND53DGNvcmUvaGVhZGluZ30EdyQ0ZjU0MTdjNi02NGIyLTRmZGQtOTBhNS1mNWJjZGI2NGMyYzJ4dx88dWwgY2xhc3M9IndwLWJsb2NrLWxpc3QiPjwvdWw+dwljb3JlL2xpc3R5dwB3JDY1Y2IxZjA5LWQ0NmMtNDExNS05MzhiLTA1ODE1M2E1N2EwOHh3rwE8bGk+PHN0cm9uZz4yMDowMCB0byAyMTozMDo8L3N0cm9uZz4gPGVtPkZpbmdlci1mb29kIGJ1ZmZldDwvZW0+IHdpdGggc29tZSBkcmlua3MgaW5jbHVkZWQ8c3Ryb25nPjxhIGhyZWY9IiNub3RlcyI+KjwvYT48L3N0cm9uZz4sIGluIGEgcmVsYXhlZCBhdG1vc3BoZXJlIGZvciBuZXR3b3JraW5nLjwvbGk+dw5jb3JlL2xpc3QtaXRlbXckMTg4N2RiMjctZjA5NS00ZTBjLWI2NzktMThiOGQzZjM1MmVkeHeaATxwIGNsYXNzPSJoYXMtc21hbGwtZm9udC1zaXplIj48ZW0+VGhlIHNjaGVkdWxlIG1heSBzdGlsbCBiZSBzdWJqZWN0IHRvIG1pbm9yIGFkanVzdG1lbnRzLiBEZXRhaWxzIGFib3V0IHRoZSBpbmNsdWRlZCBkcmlua3Mgd2lsbCBiZSBzaGFyZWQgc29vbi48L2VtPjwvcD53DmNvcmUvcGFyYWdyYXBoeXcFc21hbGx3JGI1NjYyMDZlLTYwMTItNDUxNy1iMzkzLTdmY2FmMzkxNjIyZnh3SjxkaXYgc3R5bGU9ImhlaWdodDoxMHB4IiBhcmlhLWhpZGRlbj0idHJ1ZSIgY2xhc3M9IndwLWJsb2NrLXNwYWNlciI+PC9kaXY+dwtjb3JlL3NwYWNlcncEMTBweHckMWQ3NjU3ZmItN2Y4ZC00OTFiLTk3MGItNDA1ZjdmYjRhMDFieHdrPHAgY2xhc3M9Imhhcy1zbWFsbC1mb250LXNpemUiIGlkPSJub3RlcyI+PHN0cm9uZz4qIE5vdGVzIHJlZ2FyZGluZyBhY2Nlc3MgdG8gdGhlIGFmdGVyLXBhcnR5Ojwvc3Ryb25nPjwvcD53DmNvcmUvcGFyYWdyYXBoeXcFc21hbGx3BW5vdGVzdyRkZjE4OTAwZi02ZDhjLTQ0MDctYjE3Ni1mYWM5NTBjMjA0MDB4d4ACPHAgY2xhc3M9Imhhcy1zbWFsbC1mb250LXNpemUiPlRoZSBvcmdhbml6YXRpb24gd2lsbCBhcnJhbmdlIHRoZSA8ZW0+YnVmZmV0PC9lbT4gYW5kIGluY2x1ZGVkIGRyaW5rcyBiYXNlZCBvbiB0aGUgZXhwZWN0ZWQgbnVtYmVyIG9mIGF0dGVuZGVlcywgYWNjb3JkaW5nIHRvIHRoZSBwcmVmZXJlbmNlIGluZGljYXRlZCBhdCB0aGUgdGltZSBvZiB0aWNrZXQgcHVyY2hhc2UgYW5kIGJhc2VkIG9uIHByZXZpb3VzIGV2ZW50IGV4cGVyaWVuY2UuPC9wPncOY29yZS9wYXJhZ3JhcGh5dwVzbWFsbHckZGNlYzM5MGItM2NmZS00Njg0LWI1MGEtZTU3NDUwZmI5YmVkeHfnATxwIGNsYXNzPSJoYXMtc21hbGwtZm9udC1zaXplIj5JbiB0aGUgZXZlbnQgdGhhdCB0aGUgYWN0dWFsIG51bWJlciBvZiBhdHRlbmRlZXMgZXhjZWVkcyBleHBlY3RhdGlvbnMsIHRoZSA8ZW0+YnVmZmV0PC9lbT4gbWF5IG5vdCBiZSBhdmFpbGFibGUgZm9yIHRoZSBlbnRpcmUgc2NoZWR1bGVkIHRpbWUsIHJlZ2FyZGxlc3Mgb2YgdGhlIHByZWZlcmVuY2UgaW5kaWNhdGVkIG9uIHRoZSB0aWNrZXQuPC9wPncOY29yZS9wYXJhZ3JhcGh5dwVzbWFsbHckNThhMGUwZTktZjNmZC00MzU1LWI2NjktZWVlZmYzOWE5MDJmeHfMATxwIGNsYXNzPSJoYXMtc21hbGwtZm9udC1zaXplIj5BY2Nlc3MgdG8gdGhlIHBhcnR5IGlzIG5vdCBleHBlY3RlZCB0byBiZSByZXN0cmljdGVkLCB1bmxlc3MgYXQgc29tZSBwb2ludCBpdCBpcyBjb25zaWRlcmVkIHRoYXQgdGhlIG51bWJlciBvZiBhdHRlbmRlZXMgaW4gdGhlIHZlbnVlIGNvdWxkIGNvbXByb21pc2UgZXZlcnlvbmUncyBzYWZldHkuPC9wPncOY29yZS9wYXJhZ3JhcGh5dwVzbWFsbHcMYWZ0ZXItcGFydHktdw1hZnRlci1wYXJ0eS1udw5hZnRlci1wYXJ0eS1uZXcNYWZ0ZXItcGFydHktbncMYWZ0ZXItcGFydHktdw1hZnRlci1wYXJ0eS1ldw5hZnRlci1wYXJ0eS1lbncHcHVibGlzaAG+lMfZDQUCAA0IWwm6HAC\/EAU=\",\"updateId\":377688566}","jetpack_post_was_ever_published":false,"_nakedcatplugins_page_lang":"","_nakedcatplugins_page_dir":"ltr","footnotes":""},"class_list":["post-2712","page","type-page","status-publish","hentry"],"jetpack_sharing_enabled":true,"_links":{"self":[{"href":"https:\/\/portugal.wordcamp.org\/2026\/wp-json\/wp\/v2\/pages\/2712","targetHints":{"allow":["GET"]}}],"collection":[{"href":"https:\/\/portugal.wordcamp.org\/2026\/wp-json\/wp\/v2\/pages"}],"about":[{"href":"https:\/\/portugal.wordcamp.org\/2026\/wp-json\/wp\/v2\/types\/page"}],"author":[{"embeddable":true,"href":"https:\/\/portugal.wordcamp.org\/2026\/wp-json\/wp\/v2\/users\/14841532"}],"replies":[{"embeddable":true,"href":"https:\/\/portugal.wordcamp.org\/2026\/wp-json\/wp\/v2\/comments?post=2712"}],"version-history":[{"count":1,"href":"https:\/\/portugal.wordcamp.org\/2026\/wp-json\/wp\/v2\/pages\/2712\/revisions"}],"predecessor-version":[{"id":2717,"href":"https:\/\/portugal.wordcamp.org\/2026\/wp-json\/wp\/v2\/pages\/2712\/revisions\/2717"}],"wp:attachment":[{"href":"https:\/\/portugal.wordcamp.org\/2026\/wp-json\/wp\/v2\/media?parent=2712"}],"curies":[{"name":"wp","href":"https:\/\/api.w.org\/{rel}","templated":true}]}}