{"id":983,"date":"2026-02-10T09:04:05","date_gmt":"2026-02-10T09:04:05","guid":{"rendered":"https:\/\/portugal.wordcamp.org\/2026\/?page_id=983"},"modified":"2026-03-16T15:13:59","modified_gmt":"2026-03-16T15:13:59","slug":"ser-voluntario-no-wordcamp-portugal-2026","status":"publish","type":"page","link":"https:\/\/portugal.wordcamp.org\/2026\/ser-voluntario-no-wordcamp-portugal-2026\/","title":{"rendered":"Ser volunt\u00e1rio no WordCamp Portugal 2026"},"content":{"rendered":"\n<div class=\"wp-block-wporg-notice is-info-notice\"><div class=\"wp-block-wporg-notice__icon\"><\/div><div class=\"wp-block-wporg-notice__content\"><p>As candidaturas para volunt\u00e1rios j\u00e1 se encontram encerradas. Obrigado a todos os que se candidataram!<\/p><\/div><\/div>\n\n\n\n<p>As candidaturas para volunt\u00e1rios j\u00e1 se encontram encerradas. Obrigado a todos os que se candidataram &#8211; vemo-nos dia 15 de Maio!<\/p>\n\n\n\n<p>Os WordCamps prosperam gra\u00e7as a volunt\u00e1rios incr\u00edveis como tu! Todos os anos, pessoas apaixonadas pela comunidade WordPress em Portugal e al\u00e9m-fronteiras, juntam-se para apoiar eventos locais. Chegou agora a tua vez de fazer parte de algo especial.<\/p>\n\n\n\n<p><strong>O WordCamp Portugal 2026 vai acontecer nos dias 15 e 16 de maio, e estamos \u00e0 procura de volunt\u00e1rios entusiastas para se juntarem \u00e0 nossa equipa!<\/strong> As candidaturas est\u00e3o abertas, por isso n\u00e3o percas esta oportunidade.<\/p>\n\n\n\n<h2 class=\"wp-block-heading\"><strong>Por que ser volunt\u00e1rio?<\/strong><\/h2>\n\n\n\n<p>Ao seres volunt\u00e1rio, ter\u00e1s um papel fundamental para tornar o WordCamp Portugal 2026 uma experi\u00eancia inesquec\u00edvel. Al\u00e9m disso, poder\u00e1s usufruir de alguns benef\u00edcios fant\u00e1sticos:<\/p>\n\n\n\n<ul class=\"wp-block-list\">\n<li><strong>Entrada gratuita<\/strong> nos dois dias do evento<\/li>\n\n\n\n<li><strong>T-shirt exclusiva da equipa<\/strong> para usares com orgulho<\/li>\n<\/ul>\n\n\n\n<p>Ser volunt\u00e1rio tamb\u00e9m te d\u00e1 a oportunidade de criar redes de contacto com entusiastas do WordPress, conhecer l\u00edderes da ind\u00fastria e desenvolver novas compet\u00eancias tudo isto enquanto te divertes!<\/p>\n\n\n\n<h2 class=\"wp-block-heading\"><strong>Fun\u00e7\u00f5es e responsabilidades<\/strong><\/h2>\n\n\n\n<p>Sem experi\u00eancia pr\u00e9via? Sem problema! Estamos \u00e0 procura de pessoas simp\u00e1ticas e dedicadas para preencher uma variedade de fun\u00e7\u00f5es:<\/p>\n\n\n\n<ul class=\"wp-block-list\">\n<li><strong>Apoio geral ao evento:<\/strong> Ajudar no registo, balc\u00f5es de informa\u00e7\u00e3o e orienta\u00e7\u00e3o dos participantes.<\/li>\n\n\n\n<li><strong>Apoio multim\u00e9dia:<\/strong> Assistir com c\u00e2maras, v\u00eddeo e som durante as sess\u00f5es.<\/li>\n\n\n\n<li><strong>Apoio a oradores:<\/strong> Apoiar os oradores nas suas necessidades durante as sess\u00f5es.<\/li>\n\n\n\n<li><strong>Apoio em sess\u00f5es de Q&amp;A:<\/strong> Gerir microfones e dar suporte no audit\u00f3rio durante as sess\u00f5es de perguntas e respostas.<\/li>\n\n\n\n<li><strong>Fotografia do evento:<\/strong> Captar momentos especiais (necess\u00e1rio trazer o teu pr\u00f3prio equipamento).<\/li>\n\n\n\n<li><strong>Apoio em workshops:<\/strong> Ajudar participantes e oradores durante os workshops.<\/li>\n\n\n\n<li><strong>Apoio no Contributor Day:<\/strong> Liderar uma mesa de trabalho.<\/li>\n<\/ul>\n\n\n\n<p>Consulte a p\u00e1gina <a href=\"https:\/\/portugal.wordcamp.org\/2026\/ser-voluntario-no-wordcamp-portugal-2026\/funcoes-dos-voluntarios\/\">Fun\u00e7\u00f5es dos volunt\u00e1rios<\/a> para saber mais.<\/p>\n\n\n\n<p>N\u00e3o te preocupes se n\u00e3o souberes qual a fun\u00e7\u00e3o ideal para ti. Ter\u00e1s tempo para decidir depois de submeteres a tua candidatura.<\/p>\n\n\n\n<h2 class=\"wp-block-heading\"><strong>O que esperamos dos volunt\u00e1rios<\/strong><\/h2>\n\n\n\n<p>Como volunt\u00e1rio, ser\u00e1s o rosto acolhedor do WordCamp Portugal 2026. Procuramos pessoas que:<\/p>\n\n\n\n<ul class=\"wp-block-list\">\n<li>Tenham uma <strong>atitude positiva e acolhedora<\/strong><\/li>\n\n\n\n<li>Estejam dispostas a <strong>ajudar os outros<\/strong> e a trabalhar em equipa<\/li>\n\n\n\n<li>Demonstrem <strong>respeito<\/strong> por todos os participantes, seguindo o C\u00f3digo de Conduta<\/li>\n\n\n\n<li>Se comprometam a usar a <strong>T-shirt da equipa <\/strong>durante os seus turnos<\/li>\n<\/ul>\n\n\n\n<p>Os turnos podem ser organizados de forma flex\u00edvel, desde que todos estejam cobertos, para que ainda tenhas bastante tempo para aproveitar o evento!<\/p>\n\n\n\n<h2 class=\"wp-block-heading\"><strong>Crit\u00e9rios de sele\u00e7\u00e3o<\/strong><\/h2>\n\n\n\n<p>Aceitamos volunt\u00e1rios de todas as origens, quer sejas um veterano dos WordCamps ou novo na comunidade. Os nossos volunt\u00e1rios ideais s\u00e3o:<\/p>\n\n\n\n<ul class=\"wp-block-list\">\n<li><strong>Envolvidos com a comunidade WordPress<\/strong> ou interessados em come\u00e7ar a participar<\/li>\n\n\n\n<li><strong>Respons\u00e1veis<\/strong> e comprometidos em apoiar o evento<\/li>\n\n\n\n<li><strong>Bons comunicadores<\/strong>, capazes de trabalhar bem em equipa<\/li>\n<\/ul>\n\n\n\n<p>Nunca foste volunt\u00e1rio antes? N\u00e3o faz mal! Todos come\u00e7am por algum lado! Estamos aqui para te apoiar e ajudar-te a crescer como parte da equipa de volunt\u00e1rios do WordCamp Portugal.<\/p>\n\n\n\n\n\n<p><\/p>\n","protected":false},"excerpt":{"rendered":"<p>As candidaturas para volunt\u00e1rios j\u00e1 se encontram encerradas. Obrigado a todos os que se candidataram &#8211; vemo-nos dia 15 de Maio! Os WordCamps prosperam gra\u00e7as a volunt\u00e1rios incr\u00edveis como tu! Todos os anos, pessoas apaixonadas pela comunidade WordPress em Portugal e al\u00e9m-fronteiras, juntam-se para apoiar eventos locais. Chegou agora a tua vez de fazer parte [&hellip;]<\/p>\n","protected":false},"author":18051413,"featured_media":0,"parent":0,"menu_order":0,"comment_status":"closed","ping_status":"closed","template":"","meta":{"jetpack_post_was_ever_published":false,"_nakedcatplugins_page_lang":"","_nakedcatplugins_page_dir":"ltr","footnotes":""},"class_list":["post-983","page","type-page","status-publish","hentry"],"jetpack_sharing_enabled":true,"_links":{"self":[{"href":"https:\/\/portugal.wordcamp.org\/2026\/wp-json\/wp\/v2\/pages\/983","targetHints":{"allow":["GET"]}}],"collection":[{"href":"https:\/\/portugal.wordcamp.org\/2026\/wp-json\/wp\/v2\/pages"}],"about":[{"href":"https:\/\/portugal.wordcamp.org\/2026\/wp-json\/wp\/v2\/types\/page"}],"author":[{"embeddable":true,"href":"https:\/\/portugal.wordcamp.org\/2026\/wp-json\/wp\/v2\/users\/18051413"}],"replies":[{"embeddable":true,"href":"https:\/\/portugal.wordcamp.org\/2026\/wp-json\/wp\/v2\/comments?post=983"}],"version-history":[{"count":12,"href":"https:\/\/portugal.wordcamp.org\/2026\/wp-json\/wp\/v2\/pages\/983\/revisions"}],"predecessor-version":[{"id":1444,"href":"https:\/\/portugal.wordcamp.org\/2026\/wp-json\/wp\/v2\/pages\/983\/revisions\/1444"}],"wp:attachment":[{"href":"https:\/\/portugal.wordcamp.org\/2026\/wp-json\/wp\/v2\/media?parent=983"}],"curies":[{"name":"wp","href":"https:\/\/api.w.org\/{rel}","templated":true}]}}