{"id":986,"date":"2026-02-10T09:04:29","date_gmt":"2026-02-10T09:04:29","guid":{"rendered":"https:\/\/portugal.wordcamp.org\/2026\/?page_id=986"},"modified":"2026-02-10T09:04:29","modified_gmt":"2026-02-10T09:04:29","slug":"funcoes-dos-voluntarios","status":"publish","type":"page","link":"https:\/\/portugal.wordcamp.org\/2026\/ser-voluntario-no-wordcamp-portugal-2026\/funcoes-dos-voluntarios\/","title":{"rendered":"Fun\u00e7\u00f5es dos Volunt\u00e1rios"},"content":{"rendered":"\n<p>Estamos \u00e0 procura de volunt\u00e1rios para desempenhar as seguintes fun\u00e7\u00f5es e sem a necessidade de experi\u00eancia pr\u00e9via:<\/p>\n\n\n\n<ul class=\"wp-block-list\">\n<li>Liderar mesa de trabalho no Dia de Contribui\u00e7\u00e3o<\/li>\n\n\n\n<li>Recep\u00e7\u00e3o dos visitantes<\/li>\n\n\n\n<li>Apoio geral ao evento<\/li>\n\n\n\n<li>Coordenar as sess\u00f5es<\/li>\n\n\n\n<li>Apresentar as sess\u00f5es no palco (MC)<\/li>\n\n\n\n<li>Apoio nos workshops, dando assist\u00eancia aos participantes durante a sua realiza\u00e7\u00e3o<\/li>\n\n\n\n<li>Captura de v\u00eddeo, dando assist\u00eancia \u00e0 grava\u00e7\u00e3o v\u00eddeo do evento (multim\u00e9dia)<\/li>\n\n\n\n<li>Captura de fotografias (implica utiliza\u00e7\u00e3o de material pr\u00f3prio)<\/li>\n<\/ul>\n\n\n\n<h2 class=\"wp-block-heading\"><strong>Dia do Contribuidor<\/strong><\/h2>\n\n\n\n<h3 class=\"wp-block-heading\"><strong>Liderar uma mesa de trabalho<\/strong><\/h3>\n\n\n\n<ul class=\"wp-block-list\">\n<li>Ajudar novos contribuidores a integrarem-se (WP.org, Slack, Git, Trac)<\/li>\n\n\n\n<li>Explicar brevemente os objetivos e atividades da mesa de trabalho<\/li>\n\n\n\n<li>Motivar a equipa para alcan\u00e7ar os seus objetivos<\/li>\n\n\n\n<li>Estar dispon\u00edvel para responder a perguntas e dar orienta\u00e7\u00e3o<\/li>\n<\/ul>\n\n\n\n<h2 class=\"wp-block-heading\"><strong>Dia do WordCamp<\/strong><\/h2>\n\n\n\n<h3 class=\"wp-block-heading\"><strong>Recep\u00e7\u00e3o ( registo )<\/strong><\/h3>\n\n\n\n<p>\u201c<em>Bem-vindo\/a ao WordCamp<\/em>\u201d \u00e9 a tua mensagem principal para receber os participantes na entrada. A equipa da recep\u00e7\u00e3o ter\u00e1 um refor\u00e7o maior nas horas iniciais. Estar\u00e1 sempre presente algu\u00e9m da organiza\u00e7\u00e3o.<\/p>\n\n\n\n<ul class=\"wp-block-list\">\n<li>Verificar bilhetes<\/li>\n\n\n\n<li>Preparar e distribuir crach\u00e1s, swag e t-shirts<\/li>\n\n\n\n<li>Dar informa\u00e7\u00f5es sobre o evento e orientar os participantes<\/li>\n<\/ul>\n\n\n\n<h3 class=\"wp-block-heading\"><strong>Apoio Geral<\/strong><\/h3>\n\n\n\n<p>Ajudar em v\u00e1rias tarefas ao longo do evento, como:<\/p>\n\n\n\n<ul class=\"wp-block-list\">\n<li>Direcionar as pessoas para o registo na parte da manh\u00e3;<\/li>\n\n\n\n<li>Podes iniciar conversas e ajudar pessoas que parecem perdidas;<\/li>\n\n\n\n<li>Direcionar as pessoas sem crach\u00e1 para a recep\u00e7\u00e3o;<\/li>\n\n\n\n<li>Garantir que as pessoas que entram ou saem das salas durante as palestras o fa\u00e7am o mais silenciosamente poss\u00edvel;<\/li>\n\n\n\n<li>Ajudar a levar os microfones a todos os pontos da sala, durante as perguntas e respostas.<\/li>\n<\/ul>\n\n\n\n<p>Se gostas de interagir com as pessoas, \u00e9 o posto perfeito para ti.<\/p>\n\n\n\n<h3 class=\"wp-block-heading\"><strong>Coordenar as sess\u00f5es<\/strong><\/h3>\n\n\n\n<ul class=\"wp-block-list\">\n<li>Ir\u00e1s colaborar directamente com a organiza\u00e7\u00e3o, oradores e apresentadores<\/li>\n\n\n\n<li>Ajudar o speaker a colocar o mic<\/li>\n\n\n\n<li>Colocar a apresenta\u00e7\u00e3o do orador a dar<\/li>\n\n\n\n<li>Verificar se o speaker precisa de alguma coisa<\/li>\n\n\n\n<li>Ter\u00e1s responsabilidade de controlar o tempo da apresenta\u00e7\u00e3o e informar o speaker mostrando as placas do tempo que falta<\/li>\n\n\n\n<li>Tirar fotos e mandar para a equipa de media<\/li>\n<\/ul>\n\n\n\n<h3 class=\"wp-block-heading\"><strong>Apresentar as sess\u00f5es ( MC )<\/strong><\/h3>\n\n\n\n<ul class=\"wp-block-list\">\n<li>Ir\u00e1s colaborar com os oradores e com o coordenador da sala<\/li>\n\n\n\n<li>Introduzir os oradores e entusiasmar o p\u00fablico<\/li>\n\n\n\n<li>Manter um bom ambiente tanto para o orador como para o p\u00fablico<\/li>\n\n\n\n<li>Fechar a palestras e dar in\u00edcio \u00e0s perguntas e respostas<\/li>\n\n\n\n<li>Comunicar avisos e intervalos<\/li>\n<\/ul>\n\n\n\n<h3 class=\"wp-block-heading\"><strong>Apoiar Workshops<\/strong><\/h3>\n\n\n\n<ul class=\"wp-block-list\">\n<li>Criar um ambiente seguro e amig\u00e1vel para os formadores do workshop<\/li>\n\n\n\n<li>Os participantes precisam do bilhete dos workshops para entrar; ser\u00e1 o teu trabalho verificar isso \u00e0 entrada da sala<\/li>\n\n\n\n<li>Certificar que ningu\u00e9m cria perturba\u00e7\u00f5es durante um workshop<\/li>\n\n\n\n<li>Rever previamente o conte\u00fado do workshop com os formadores (recomendado)<\/li>\n<\/ul>\n\n\n\n<p>Este posto \u00e9 perfeito se gostas de interagir com as pessoas e<strong> ajudar a esclarecer d\u00favidas, mesmo as mais b\u00e1sicas.<\/strong><\/p>\n\n\n\n<h3 class=\"wp-block-heading\"><strong>Captura de v\u00eddeo ( apoio multim\u00e9dia )<\/strong><\/h3>\n\n\n\n<p>A equipa de grava\u00e7\u00e3o vai fornecer todo o equipamento necess\u00e1rio e esclarecer d\u00favidas sobre o funcionamento da c\u00e2mara.<\/p>\n\n\n\n<ul class=\"wp-block-list\">\n<li>Ir\u00e1s ser respons\u00e1vel pela captura v\u00eddeo das sess\u00f5es;<\/li>\n\n\n\n<li>Dever\u00e1s certificar que a c\u00e2mara de v\u00eddeo est\u00e1 centrada nos apresentadores e sem obstru\u00e7\u00f5es;<\/li>\n<\/ul>\n\n\n\n<p>Este posto \u00e9 perfeito se preferes assistir \u00e0s palestras, mas lembra-te de que pode n\u00e3o coincidir com a sess\u00e3o que queres ver.<\/p>\n\n\n\n<h3 class=\"wp-block-heading\"><strong>Captura de fotografias<\/strong><\/h3>\n\n\n\n<ul class=\"wp-block-list\">\n<li>Ir\u00e1s ser respons\u00e1vel pela captura das emo\u00e7\u00f5es e a atmosfera no WordCamp;<\/li>\n\n\n\n<li>Dever\u00e1s trazer todo o todo o teu equipamento necess\u00e1rio.<\/li>\n<\/ul>\n\n\n\n<p>Tens o nosso encorajamento para:<\/p>\n\n\n\n<ul class=\"wp-block-list\">\n<li>Fotografar no teu estilo;<\/li>\n\n\n\n<li>Produzir fotos n\u00edtidas e de boa qualidade;<\/li>\n\n\n\n<li>Editar as tuas fotos;<\/li>\n\n\n\n<li>Conduta amig\u00e1vel e respeitosa.<\/li>\n<\/ul>\n\n\n\n<p>Dever\u00e1s distribuir as tuas fotos sobre a licen\u00e7a <a href=\"https:\/\/creativecommons.org\/licenses\/by-sa\/4.0\/deed.pt\">CC Atribui\u00e7\u00e3o-Partilha Internacional<\/a>.<\/p>\n\n\n\n<p><\/p>\n","protected":false},"excerpt":{"rendered":"<p>Estamos \u00e0 procura de volunt\u00e1rios para desempenhar as seguintes fun\u00e7\u00f5es e sem a necessidade de experi\u00eancia pr\u00e9via: Dia do Contribuidor Liderar uma mesa de trabalho Dia do WordCamp Recep\u00e7\u00e3o ( registo ) \u201cBem-vindo\/a ao WordCamp\u201d \u00e9 a tua mensagem principal para receber os participantes na entrada. A equipa da recep\u00e7\u00e3o ter\u00e1 um refor\u00e7o maior nas [&hellip;]<\/p>\n","protected":false},"author":18051413,"featured_media":0,"parent":983,"menu_order":0,"comment_status":"closed","ping_status":"closed","template":"","meta":{"jetpack_post_was_ever_published":false,"_nakedcatplugins_page_lang":"","_nakedcatplugins_page_dir":"ltr","footnotes":""},"class_list":["post-986","page","type-page","status-publish","hentry"],"jetpack_sharing_enabled":true,"_links":{"self":[{"href":"https:\/\/portugal.wordcamp.org\/2026\/wp-json\/wp\/v2\/pages\/986","targetHints":{"allow":["GET"]}}],"collection":[{"href":"https:\/\/portugal.wordcamp.org\/2026\/wp-json\/wp\/v2\/pages"}],"about":[{"href":"https:\/\/portugal.wordcamp.org\/2026\/wp-json\/wp\/v2\/types\/page"}],"author":[{"embeddable":true,"href":"https:\/\/portugal.wordcamp.org\/2026\/wp-json\/wp\/v2\/users\/18051413"}],"replies":[{"embeddable":true,"href":"https:\/\/portugal.wordcamp.org\/2026\/wp-json\/wp\/v2\/comments?post=986"}],"version-history":[{"count":2,"href":"https:\/\/portugal.wordcamp.org\/2026\/wp-json\/wp\/v2\/pages\/986\/revisions"}],"predecessor-version":[{"id":988,"href":"https:\/\/portugal.wordcamp.org\/2026\/wp-json\/wp\/v2\/pages\/986\/revisions\/988"}],"up":[{"embeddable":true,"href":"https:\/\/portugal.wordcamp.org\/2026\/wp-json\/wp\/v2\/pages\/983"}],"wp:attachment":[{"href":"https:\/\/portugal.wordcamp.org\/2026\/wp-json\/wp\/v2\/media?parent=986"}],"curies":[{"name":"wp","href":"https:\/\/api.w.org\/{rel}","templated":true}]}}